{"id":800,"date":"2026-05-15T12:40:17","date_gmt":"2026-05-15T10:40:17","guid":{"rendered":"https:\/\/www.ztranslate.eu\/cookiebeleid-eu\/"},"modified":"2026-05-15T12:40:17","modified_gmt":"2026-05-15T10:40:17","slug":"zasady-pouzivania-suborov-cookie-eu","status":"publish","type":"page","link":"https:\/\/www.ztranslate.eu\/sk\/zasady-pouzivania-suborov-cookie-eu\/","title":{"rendered":"Z\u00e1sady pou\u017e\u00edvania s\u00faborov cookie (E\u00da)"},"content":{"rendered":"<!-- Legal document generated by Complianz | GDPR\/CCPA Cookie Consent https:\/\/wordpress.org\/plugins\/complianz-gdpr -->\n<div id=\"cmplz-document\" class=\"cmplz-document cookie-statement cmplz-document-eu\"><p><i>Tieto Z\u00e1sady pou\u017e\u00edvania s\u00faborov cookie boli naposledy aktualizovan\u00e9 15 m\u00e1j 2026 a vz\u0165ahuj\u00fa sa na ob\u010danov a leg\u00e1lne osoby s trval\u00fdm pobytom v Eur\u00f3pskom hospod\u00e1rskom priestore a \u0160vaj\u010diarsku.<\/i><br><\/p><h2>1. \u00davod<\/h2><p>Na\u0161a webov\u00e1 str\u00e1nka, <a href=\"https:\/\/www.ztranslate.eu\/sk\">https:\/\/www.ztranslate.eu\/sk<\/a> (len \u201ewebov\u00e1 str\u00e1nka\u201c) pou\u017e\u00edva s\u00fabory cookie a \u010fal\u0161ie s\u00favisiace technol\u00f3gie (v\u0161etky technol\u00f3gie sa kv\u00f4li \u010falej stret\u00e1vali ozna\u010di\u0165 ako \u201es\u00fabory cookie\u201c). S\u00fabory cookie umiest\u0148uj\u00fa aj tretie strany, ktor\u00e9 sme spolu. M\u00f4\u017eete tie\u017e pou\u017ei\u0165 nasleduj\u00face dokumenty, aby ste n\u00e1s informovali o s\u00faboroch cookie po va\u0161om prehliadan\u00ed webu.<\/p><h2>2. \u010co s\u00fa to su\u0161ienky?<\/h2><p>Cookie je mal\u00fd jednoduch\u00fd s\u00fabor, ktor\u00fd je odoslan\u00fd spolu so str\u00e1nkami tohto webu a ulo\u017een\u00fdm va\u0161im prehliada\u010dom po pevnom disku v\u00e1\u0161ho ob\u013e\u00faben\u00e9ho alebo in\u00e9ho zariadenia. Inform\u00e1cie v ich ulo\u017een\u00e9 m\u00f4\u017eu by\u0165 vr\u00e1ten\u00e9 po na\u0161ich serveroch alebo po pr\u00edslu\u0161n\u00fdch tret\u00edch str\u00e1nach po\u010das nasleduj\u00facej n\u00e1v\u0161tevy.<\/p><h2>3. \u010co s\u00fa skripty?<\/h2><p>Skript je \u010das\u0165 programov\u00e9ho k\u00f3du, ktor\u00fd sa pou\u017e\u00edva po spr\u00e1vnej a interakt\u00edvnej funkcii na\u0161ich webov\u00fdch str\u00e1nok. Tento sa spust\u00ed n\u00e1\u0161ho servera alebo na k\u00f3d zariaden\u00ed.<\/p><h2>4. \u010co je to webov\u00fd maj\u00e1k?<\/h2><p>Webov\u00fd maj\u00e1k (alebo pixelov\u00e1 zna\u010dka) je mal\u00fd nevidite\u013en\u00fd text alebo obr\u00e1zok na webovej str\u00e1nke, ktor\u00fd pou\u017e\u00edva na monitorovanie n\u00e1v\u0161tevnosti webov\u00fdch str\u00e1nok. Budete radi, \u017ee to uvid\u00edte nesk\u00f4r.<\/p><h2>5. S\u00fabory cookie<\/h2><p class=\"cmplz-subtitle\">5.1 Technick\u00e9 alebo funk\u010dn\u00e9 cookies<\/p><p>Upozor\u0148ujeme, \u017ee s\u00fabory cookie, ktor\u00e9 pou\u017e\u00edvate, s\u00fa teraz k dispoz\u00edcii pod\u013ea va\u0161ich preferenci\u00ed. Na spustenie prev\u00e1dzky va\u0161ej webovej str\u00e1nky m\u00f4\u017eete pou\u017ei\u0165 aj s\u00fabory cookie Funky. Venujte chv\u00ed\u013eu kontrole svojej webovej str\u00e1nky, aby ste boli informovan\u00ed o prijat\u00fdch inform\u00e1ci\u00e1ch a mohli si ich nesk\u00f4r skontrolova\u0165. Tieto s\u00fabory cookie m\u00f4\u017eeme umiestni\u0165 bez v\u00e1\u0161ho s\u00fahlasu.<\/p><p class=\"cmplz-subtitle\">5.2 \u0160tatistick\u00e9 s\u00fabory cookie<\/p><p>\u0160tatistick\u00e9 s\u00fabory cookie pou\u017e\u00edvame po optimaliz\u00e1cii z\u00e1\u017eitku z webov\u00fdch str\u00e1nok pre na\u0161ich pou\u017e\u00edvate\u013eov. t\u00fdmto \u0161tatistick\u00fdm s\u00faborom cookie z\u00edskavame preh\u013ead alebo pou\u017e\u00edvanie na\u0161ich webov\u00fdch str\u00e1nok. \u017diadame v\u00e1s o povolenie umiest\u0148ova\u0165 \u0161tatistick\u00e9 s\u00fabory cookie.<\/p><p class=\"cmplz-subtitle\">5.3 Marketingov\u00e9\/sledovacie cookies<\/p><p>Marketingov\u00e9 s\u00fabory cookie s\u00fa s\u00fabory cookie alebo sleduj\u00fa v\u0161etky s\u00fabory miestneho \u00falo\u017eiska, ktor\u00e9 pou\u017e\u00edvaj\u00fa po vytvoren\u00ed profilov pou\u017e\u00edvate\u013eov po zobrazen\u00ed reklamy alebo po sledovan\u00ed pou\u017e\u00edvate\u013ea na tomto webe alebo na nieko\u013ek\u00fdch webov\u00fdch str\u00e1nkach na podobn\u00fdch marketingov\u00fdch \u00fa\u010deloch.<\/p><h2>6. Umiestnen\u00e9 s\u00fabory cookie<\/h2><div id=\"cmplz-cookies-overview\"><details class=\"cmplz-dropdown cmplz-service-desc cmplz-dropdown-cookiepolicy\">\n\t<summary class=\"cmplz-service-header\"><div>\n\t\t<h3>Elementor<\/h3>\n\t\t<p>\u0160tatistick\u00e9 (anonymn\u00e9)<\/p>\n\t\t<label for=\"cmplz_service_elementor\" class=\"cmplz_consent_per_service_label\"><span class=\"screen-reader-text\">S\u00fahlas s prvkom slu\u017eby<\/span><\/label>\n\t\t<input type=\"checkbox\" id=\"cmplz_service_elementor\" class=\"cmplz-accept-service cmplz-hidden\" data-service=\"elementor\" data-category=\"functional\"><\/div>\n\t<\/summary>\n\t<div class=\"cmplz-service-description\">\n\t\t<h4>Pou\u017eitie<\/h4>\n\t\t<p>Elementor pou\u017e\u00edvame na content creation. <a target=\"_blank\" rel=\"noopener noreferrer nofollow\" href=\"https:\/\/cookiedatabase.org\/service\/elementor\/\">Read more about Elementor<\/a><\/p>\n\t<\/div>\n\t<div class=\"cmplz-sharing-data\">\n\t\t<h4>Zdie\u013eanie \u00fadajov<\/h4>\n\t\t<p>Tieto \u00fadaje nie s\u00fa zdie\u013ean\u00e9 s tret\u00edmi stranami.<\/p>\n\t<\/div>\n\t<div class=\"cookies-per-purpose\">\n    <div class=\"purpose\"><h4>\u0160tatistick\u00e9 (anonymn\u00e9)<\/h4><\/div>\n    <div class=\"name-header\">\n\t<h5>Meno<\/h5>\n<\/div>\n<div class=\"name\"><a target=\"_blank\" rel=\"noopener noreferrer nofollow\" href=\"https:\/\/cookiedatabase.org\/cookie\/elementor\/elementor\/\">elementor<\/a><\/div>\n<div class=\"retention-header\">\n\t<h5>Expir\u00e1cia<\/h5>\n<\/div>\n<div class=\"retention\">trval\u00fd<\/div>\n<div class=\"function-header\">\n\t<h5>Funkcia<\/h5>\n<\/div>\n<div class=\"function\">Uchov\u00e1va\u0165 vykonan\u00e9 akcie na webov\u00fdch str\u00e1nkach<\/div>\n\n<\/div>\n<\/details>\n<details class=\"cmplz-dropdown cmplz-service-desc cmplz-dropdown-cookiepolicy\">\n\t<summary class=\"cmplz-service-header\"><div>\n\t\t<h3>WordPress<\/h3>\n\t\t<p>Funk\u010dn\u00e9, orie\u0161kov\u00e9<\/p>\n\t\t<label for=\"cmplz_service_wordpress\" class=\"cmplz_consent_per_service_label\"><span class=\"screen-reader-text\">S\u00fahlas so slu\u017ebou WordPress<\/span><\/label>\n\t\t<input type=\"checkbox\" id=\"cmplz_service_wordpress\" class=\"cmplz-accept-service cmplz-hidden\" data-service=\"wordpress\" data-category=\"functional\"><\/div>\n\t<\/summary>\n\t<div class=\"cmplz-service-description\">\n\t\t<h4>Pou\u017eitie<\/h4>\n\t\t<p>WordPress pou\u017e\u00edvame na website development. <a target=\"_blank\" rel=\"noopener noreferrer nofollow\" href=\"https:\/\/cookiedatabase.org\/service\/wordpress\/\">Read more about WordPress<\/a><\/p>\n\t<\/div>\n\t<div class=\"cmplz-sharing-data\">\n\t\t<h4>Zdie\u013eanie \u00fadajov<\/h4>\n\t\t<p>Tieto \u00fadaje nie s\u00fa zdie\u013ean\u00e9 s tret\u00edmi stranami.<\/p>\n\t<\/div>\n\t<div class=\"cookies-per-purpose\">\n    <div class=\"purpose\"><h4>Funk\u010dn\u00e9, orie\u0161kov\u00e9<\/h4><\/div>\n    <div class=\"name-header\">\n\t<h5>Meno<\/h5>\n<\/div>\n<div class=\"name\"><a target=\"_blank\" rel=\"noopener noreferrer nofollow\" href=\"https:\/\/cookiedatabase.org\/cookie\/wordpress\/wpemojisettingssupports\/\">Podpora nastaven\u00ed emotikonov wpEmoji<\/a><\/div>\n<div class=\"retention-header\">\n\t<h5>Expir\u00e1cia<\/h5>\n<\/div>\n<div class=\"retention\">vz\u0165ah<\/div>\n<div class=\"function-header\">\n\t<h5>Funkcia<\/h5>\n<\/div>\n<div class=\"function\">Uchov\u00e1va\u0165 podrobnosti o prehliada\u010di<\/div>\n\n<\/div>\n<\/details>\n<details class=\"cmplz-dropdown cmplz-service-desc cmplz-dropdown-cookiepolicy\">\n\t<summary class=\"cmplz-service-header\"><div>\n\t\t<h3>Google Analytics<\/h3>\n\t\t<p>\u0160tatistiky<\/p>\n\t\t<label for=\"cmplz_service_google-analytics\" class=\"cmplz_consent_per_service_label\"><span class=\"screen-reader-text\">S\u00fahlas so slu\u017ebou Google Analytics<\/span><\/label>\n\t\t<input type=\"checkbox\" id=\"cmplz_service_google-analytics\" class=\"cmplz-accept-service cmplz-hidden\" data-service=\"google-analytics\" data-category=\"functional\"><\/div>\n\t<\/summary>\n\t<div class=\"cmplz-service-description\">\n\t\t<h4>Pou\u017eitie<\/h4>\n\t\t<p>Google Analytics pou\u017e\u00edvame na \u0161tatistiky webov\u00fdch str\u00e1nok. <a target=\"_blank\" rel=\"noopener noreferrer nofollow\" href=\"https:\/\/cookiedatabase.org\/service\/google-analytics\/\">Read more about Google Analytics<\/a><\/p>\n\t<\/div>\n\t<div class=\"cmplz-sharing-data\">\n\t\t<h4>Zdie\u013eanie \u00fadajov<\/h4>\n\t\t<p>Ak chcete z\u00edska\u0165 \u010fal\u0161ie inform\u00e1cie, pre\u010d\u00edtajte si <a target=\"_blank\" rel=\"noopener noreferrer nofollow\" href=\"https:\/\/business.safety.google\/privacy\/\">Google Analyticssvyhl\u00e1senie o ochrane osobn\u00fdch \u00fadajov<\/a>.<\/p>\n\t<\/div>\n\t<div class=\"cookies-per-purpose\">\n    <div class=\"purpose\"><h4>\u0160tatistiky<\/h4><\/div>\n    <div class=\"name-header\">\n\t<h5>Meno<\/h5>\n<\/div>\n<div class=\"name\"><a target=\"_blank\" rel=\"noopener noreferrer nofollow\" href=\"https:\/\/cookiedatabase.org\/cookie\/google-analytics\/_ga\/\">_ga<\/a><\/div>\n<div class=\"retention-header\">\n\t<h5>Expir\u00e1cia<\/h5>\n<\/div>\n<div class=\"retention\">2 roky<\/div>\n<div class=\"function-header\">\n\t<h5>Funkcia<\/h5>\n<\/div>\n<div class=\"function\">Ukladanie a po\u010d\u00edtanie zobrazen\u00ed str\u00e1nok<\/div>\n<div class=\"name-header\">\n\t<h5>Meno<\/h5>\n<\/div>\n<div class=\"name\"><a target=\"_blank\" rel=\"noopener noreferrer nofollow\" href=\"https:\/\/cookiedatabase.org\/cookie\/google-analytics\/_ga_\/\">_ga_*<\/a><\/div>\n<div class=\"retention-header\">\n\t<h5>Expir\u00e1cia<\/h5>\n<\/div>\n<div class=\"retention\">1 rok<\/div>\n<div class=\"function-header\">\n\t<h5>Funkcia<\/h5>\n<\/div>\n<div class=\"function\">Ukladanie a po\u010d\u00edtanie zobrazen\u00ed str\u00e1nok<\/div>\n\n<\/div>\n<\/details>\n<details class=\"cmplz-dropdown cmplz-service-desc cmplz-dropdown-cookiepolicy\">\n\t<summary class=\"cmplz-service-header\"><div>\n\t\t<h3>Google reCAPTCHA<\/h3>\n\t\t<p>Marketing<\/p>\n\t\t<label for=\"cmplz_service_google-recaptcha\" class=\"cmplz_consent_per_service_label\"><span class=\"screen-reader-text\">S\u00fahlas so slu\u017ebou Google ReCAPTCHA<\/span><\/label>\n\t\t<input type=\"checkbox\" id=\"cmplz_service_google-recaptcha\" class=\"cmplz-accept-service cmplz-hidden\" data-service=\"google-recaptcha\" data-category=\"functional\"><\/div>\n\t<\/summary>\n\t<div class=\"cmplz-service-description\">\n\t\t<h4>Pou\u017eitie<\/h4>\n\t\t<p>Google reCAPTCHA pou\u017e\u00edvame na spam prevention. <a target=\"_blank\" rel=\"noopener noreferrer nofollow\" href=\"https:\/\/cookiedatabase.org\/service\/google-recaptcha\/\">Read more about Google reCAPTCHA<\/a><\/p>\n\t<\/div>\n\t<div class=\"cmplz-sharing-data\">\n\t\t<h4>Zdie\u013eanie \u00fadajov<\/h4>\n\t\t<p>Ak chcete z\u00edska\u0165 \u010fal\u0161ie inform\u00e1cie, pre\u010d\u00edtajte si <a target=\"_blank\" rel=\"noopener noreferrer nofollow\" href=\"https:\/\/policies.google.com\/privacy\">Google reCAPTCHAsvyhl\u00e1senie o ochrane osobn\u00fdch \u00fadajov<\/a>.<\/p>\n\t<\/div>\n\t<div class=\"cookies-per-purpose\">\n    <div class=\"purpose\"><h4>Marketing<\/h4><\/div>\n    <div class=\"name-header\">\n\t<h5>Meno<\/h5>\n<\/div>\n<div class=\"name\"><a target=\"_blank\" rel=\"noopener noreferrer nofollow\" href=\"https:\/\/cookiedatabase.org\/cookie\/google-recaptcha\/rcc\/\">rc::c<\/a><\/div>\n<div class=\"retention-header\">\n\t<h5>Expir\u00e1cia<\/h5>\n<\/div>\n<div class=\"retention\">zasadnutie<\/div>\n<div class=\"function-header\">\n\t<h5>Funkcia<\/h5>\n<\/div>\n<div class=\"function\">\u010c\u00edtanie a filtrovanie po\u017eiadaviek od botov<\/div>\n<div class=\"name-header\">\n\t<h5>Meno<\/h5>\n<\/div>\n<div class=\"name\"><a target=\"_blank\" rel=\"noopener noreferrer nofollow\" href=\"https:\/\/cookiedatabase.org\/cookie\/google-recaptcha\/rcb\/\">rc::b<\/a><\/div>\n<div class=\"retention-header\">\n\t<h5>Expir\u00e1cia<\/h5>\n<\/div>\n<div class=\"retention\">zasadnutie<\/div>\n<div class=\"function-header\">\n\t<h5>Funkcia<\/h5>\n<\/div>\n<div class=\"function\">\u010c\u00edtanie a filtrovanie po\u017eiadaviek od botov<\/div>\n<div class=\"name-header\">\n\t<h5>Meno<\/h5>\n<\/div>\n<div class=\"name\"><a target=\"_blank\" rel=\"noopener noreferrer nofollow\" href=\"https:\/\/cookiedatabase.org\/cookie\/google-recaptcha\/rca\/\">rc::a<\/a><\/div>\n<div class=\"retention-header\">\n\t<h5>Expir\u00e1cia<\/h5>\n<\/div>\n<div class=\"retention\">pretrv\u00e1vaj\u00faci<\/div>\n<div class=\"function-header\">\n\t<h5>Funkcia<\/h5>\n<\/div>\n<div class=\"function\">\u010c\u00edtanie a filtrovanie po\u017eiadaviek od botov<\/div>\n\n<\/div>\n<\/details>\n<details class=\"cmplz-dropdown cmplz-service-desc cmplz-dropdown-cookiepolicy\">\n\t<summary class=\"cmplz-service-header\"><div>\n\t\t<h3>Mapy Google<\/h3>\n\t\t<p>Marketingov\u00e9<\/p>\n\t\t<label for=\"cmplz_service_google-maps\" class=\"cmplz_consent_per_service_label\"><span class=\"screen-reader-text\">S\u00fahlas so slu\u017ebou Google Maps<\/span><\/label>\n\t\t<input type=\"checkbox\" id=\"cmplz_service_google-maps\" class=\"cmplz-accept-service cmplz-hidden\" data-service=\"google-maps\" data-category=\"functional\"><\/div>\n\t<\/summary>\n\t<div class=\"cmplz-service-description\">\n\t\t<h4>Pou\u017eitie<\/h4>\n\t\t<p>Google Maps pou\u017e\u00edvame na maps display. <a target=\"_blank\" rel=\"noopener noreferrer nofollow\" href=\"https:\/\/cookiedatabase.org\/service\/google-maps\/\">Read more about Google Maps<\/a><\/p>\n\t<\/div>\n\t<div class=\"cmplz-sharing-data\">\n\t\t<h4>Zdie\u013eanie \u00fadajov<\/h4>\n\t\t<p>Ak chcete z\u00edska\u0165 \u010fal\u0161ie inform\u00e1cie, pre\u010d\u00edtajte si <a target=\"_blank\" rel=\"noopener noreferrer nofollow\" href=\"https:\/\/business.safety.google\/privacy\/\">Google Mapssvyhl\u00e1senie o ochrane osobn\u00fdch \u00fadajov<\/a>.<\/p>\n\t<\/div>\n\t<div class=\"cookies-per-purpose\">\n    <div class=\"purpose\"><h4>Marketingov\u00e9<\/h4><\/div>\n    <div class=\"name-header\">\n\t<h5>Meno<\/h5>\n<\/div>\n<div class=\"name\"><a target=\"_blank\" rel=\"noopener noreferrer nofollow\" href=\"https:\/\/cookiedatabase.org\/cookie\/google-maps\/google-maps-api\/\">API M\u00e1p Google<\/a><\/div>\n<div class=\"retention-header\">\n\t<h5>Expir\u00e1cia<\/h5>\n<\/div>\n<div class=\"retention\">vyprs\u0161\u00ed okam\u017eite<\/div>\n<div class=\"function-header\">\n\t<h5>Funkcia<\/h5>\n<\/div>\n<div class=\"function\">Z\u00edska\u0165 IP adresu<\/div>\n\n<\/div>\n<\/details>\n<details class=\"cmplz-dropdown cmplz-service-desc cmplz-dropdown-cookiepolicy\">\n\t<summary class=\"cmplz-service-header\"><div>\n\t\t<h3>R\u00f4zne<\/h3>\n\t\t<p>\u00da\u010del \u010dakaj\u00faceho vy\u0161etrovania<\/p>\n\t\t<label for=\"cmplz_service_r\u00f4zne\" class=\"cmplz_consent_per_service_label\"><span class=\"screen-reader-text\">Consent to service r\u00f4zne<\/span><\/label>\n\t\t<input type=\"checkbox\" id=\"cmplz_service_r\u00f4zne\" class=\"cmplz-accept-service cmplz-hidden\" data-service=\"r\u00f4zne\" data-category=\"functional\"><\/div>\n\t<\/summary>\n\t<div class=\"cmplz-service-description\">\n\t\t<h4>Pou\u017eitie<\/h4>\n\t\t<p><\/p>\n\t<\/div>\n\t<div class=\"cmplz-sharing-data\">\n\t\t<h4>Zdie\u013eanie \u00fadajov<\/h4>\n\t\t<p>Zdie\u013eanie \u00fadajov prebieha vy\u0161etrovanie<\/p>\n\t<\/div>\n\t<div class=\"cookies-per-purpose\">\n    <div class=\"purpose\"><h4>\u00da\u010del \u010dakaj\u00faceho vy\u0161etrovania<\/h4><\/div>\n    <div class=\"name-header\">\n\t<h5>Meno<\/h5>\n<\/div>\n<div class=\"name\">test<\/div>\n<div class=\"retention-header\">\n\t<h5>Expir\u00e1cia<\/h5>\n<\/div>\n<div class=\"retention\"><\/div>\n<div class=\"function-header\">\n\t<h5>Funkcia<\/h5>\n<\/div>\n<div class=\"function\"><\/div>\n<div class=\"name-header\">\n\t<h5>Meno<\/h5>\n<\/div>\n<div class=\"name\">formbricks-js<\/div>\n<div class=\"retention-header\">\n\t<h5>Expir\u00e1cia<\/h5>\n<\/div>\n<div class=\"retention\"><\/div>\n<div class=\"function-header\">\n\t<h5>Funkcia<\/h5>\n<\/div>\n<div class=\"function\"><\/div>\n<div class=\"name-header\">\n\t<h5>Meno<\/h5>\n<\/div>\n<div class=\"name\">predvolen\u00e9 hodnoty prvkov e-kit<\/div>\n<div class=\"retention-header\">\n\t<h5>Expir\u00e1cia<\/h5>\n<\/div>\n<div class=\"retention\"><\/div>\n<div class=\"function-header\">\n\t<h5>Funkcia<\/h5>\n<\/div>\n<div class=\"function\"><\/div>\n<div class=\"name-header\">\n\t<h5>Meno<\/h5>\n<\/div>\n<div class=\"name\">k\u00f3d_krajiny_joinchat<\/div>\n<div class=\"retention-header\">\n\t<h5>Expir\u00e1cia<\/h5>\n<\/div>\n<div class=\"retention\"><\/div>\n<div class=\"function-header\">\n\t<h5>Funkcia<\/h5>\n<\/div>\n<div class=\"function\"><\/div>\n<div class=\"name-header\">\n\t<h5>Meno<\/h5>\n<\/div>\n<div class=\"name\">wp-settings-time-1<\/div>\n<div class=\"retention-header\">\n\t<h5>Expir\u00e1cia<\/h5>\n<\/div>\n<div class=\"retention\"><\/div>\n<div class=\"function-header\">\n\t<h5>Funkcia<\/h5>\n<\/div>\n<div class=\"function\"><\/div>\n<div class=\"name-header\">\n\t<h5>Meno<\/h5>\n<\/div>\n<div class=\"name\">cf_clearance<\/div>\n<div class=\"retention-header\">\n\t<h5>Expir\u00e1cia<\/h5>\n<\/div>\n<div class=\"retention\"><\/div>\n<div class=\"function-header\">\n\t<h5>Funkcia<\/h5>\n<\/div>\n<div class=\"function\"><\/div>\n<div class=\"name-header\">\n\t<h5>Meno<\/h5>\n<\/div>\n<div class=\"name\">cmplz_functional<\/div>\n<div class=\"retention-header\">\n\t<h5>Expir\u00e1cia<\/h5>\n<\/div>\n<div class=\"retention\">365 dn\u00ed<\/div>\n<div class=\"function-header\">\n\t<h5>Funkcia<\/h5>\n<\/div>\n<div class=\"function\"><\/div>\n<div class=\"name-header\">\n\t<h5>Meno<\/h5>\n<\/div>\n<div class=\"name\">cmplz_\u0161tatistiky<\/div>\n<div class=\"retention-header\">\n\t<h5>Expir\u00e1cia<\/h5>\n<\/div>\n<div class=\"retention\">365 dn\u00ed<\/div>\n<div class=\"function-header\">\n\t<h5>Funkcia<\/h5>\n<\/div>\n<div class=\"function\"><\/div>\n<div class=\"name-header\">\n\t<h5>Meno<\/h5>\n<\/div>\n<div class=\"name\">cmplz_preferences<\/div>\n<div class=\"retention-header\">\n\t<h5>Expir\u00e1cia<\/h5>\n<\/div>\n<div class=\"retention\">365 dn\u00ed<\/div>\n<div class=\"function-header\">\n\t<h5>Funkcia<\/h5>\n<\/div>\n<div class=\"function\"><\/div>\n<div class=\"name-header\">\n\t<h5>Meno<\/h5>\n<\/div>\n<div class=\"name\">cmplz_marketing<\/div>\n<div class=\"retention-header\">\n\t<h5>Expir\u00e1cia<\/h5>\n<\/div>\n<div class=\"retention\">365 dn\u00ed<\/div>\n<div class=\"function-header\">\n\t<h5>Funkcia<\/h5>\n<\/div>\n<div class=\"function\"><\/div>\n\n<\/div>\n<\/details>\n<\/div><h2>7. Suhlas<\/h2><p>Ke\u010f nav\u0161t\u00edvite n\u00e1\u0161 web prv\u00fdkr\u00e1t, uk\u00e1\u017eeme v\u00e1m kontextov\u00e9 okno sveteln\u00fdm o s\u00faboroch cookie. Ak kliknete na \u201eUlo\u017ei\u0165 predvo\u013eby\u201c, m\u00f4\u017eete si pre\u010d\u00edta\u0165 text ni\u017e\u0161ie a kliknut\u00edm na s\u00fabor cookie ni\u017e\u0161ie skontrolova\u0165 kontext vyh\u013ead\u00e1vania a potom na\u0148 klikn\u00fa\u0165, aby ste videli, \u010do h\u013ead\u00e1te. cookie. Pou\u017e\u00edvanie s\u00faborov m\u00f4\u017eete zak\u00e1za\u0165 prostredn\u00edctvom svojho prehliada\u010da, ale zaisti\u0165, \u017ee n\u00e1\u0161 web u\u017e nemus\u00ed spr\u00e1vne fungova\u0165.<\/p><p class=\"cmplz-subtitle\">7.1 Spravujte svoj s\u00fahlas<\/p><div id=\"cmplz-manage-consent-container-nojavascript\">Na\u010d\u00edtali ste z\u00e1sady pou\u017e\u00edvania s\u00faborov cookie bez podpory JavaScriptu.&nbsp;Na str\u00e1nkach AMP m\u00f4\u017eete pou\u017ei\u0165 tla\u010didlo Spravova\u0165 s\u00fahlas v spodnej \u010dasti str\u00e1nky.<\/div><div id=\"cmplz-manage-consent-container\" class=\"cmplz-manage-consent-container\"><\/div><h2>8. Povolenie\/zak\u00e1zanie a odstra\u0148ovanie s\u00faborov cookie<\/h2><p>V\u00e1\u0161 internetov\u00fd prehliada\u010d m\u00f4\u017eete pou\u017ei\u0165 po automatickom alebo manu\u00e1lnom mazan\u00ed cookies. M\u00f4\u017eete tie\u017e \u0161pecifikova\u0165, \u017ee niektor\u00e9 s\u00fabory cookie nemusia by\u0165 umiestnen\u00e9. Ak pou\u017e\u00edvate internet, budete m\u00f4c\u0165 pou\u017e\u00edva\u0165 internet, tak\u017ee s\u00fabor cookie m\u00f4\u017eete pou\u017e\u00edva\u0165 \u010do najsk\u00f4r. Ak sa o tom chcete dozvedie\u0165 viac, informujte n\u00e1s vopred.<\/p><p>spusti\u0165, \u017ee ak s\u00fa v\u0161etky s\u00fabory zak\u00e1zan\u00e9, n\u00e1\u0161 web nemus\u00ed fungova\u0165 spr\u00e1vne. Pokia\u013e cookies vyma\u017eete vo svojom prehliada\u010di, bud\u00fa znova umiestnen\u00e9 po s\u00fahlase, ke\u010f znova nav\u0161t\u00edvi na\u0161e webov\u00e9 str\u00e1nky.<\/p><h2>9. Va\u0161e pr\u00e1va v s\u00favislosti s osobn\u00fdmi \u00fadajmi<\/h2><p>Pozrite sa, pros\u00edm, na \u010fal\u0161\u00ed krok \u010do najsk\u00f4r:<\/p><ul>\n                    <li>M\u00e1te pr\u00e1vo vedie\u0165, pre\u010do s\u00fa va\u0161e osobn\u00e9 \u00fadaje potrebn\u00e9, \u010do sa s nimi stane ako dlho bud\u00fa uchov\u00e1van\u00e9.<\/li>\n                    <li>Pr\u00e1vo na pr\u00edstup: M\u00e1te pr\u00e1vo na pr\u00edstup k svojim osobn\u00fdm \u00fadajom, ktor\u00e9 s\u00fa n\u00e1m zn\u00e1me.<\/li>\n                    <li>Pr\u00e1vo na opravu: m\u00e1te pr\u00e1vo kedyko\u013evek doplni\u0165, opravi\u0165, vymaza\u0165 alebo zablokova\u0165 va\u0161e osobn\u00e9 \u00fadaje.<\/li>\n                    <li>R\u00e1d by som sa na to pozrel bli\u017e\u0161ie, ale r\u00e1d to urob\u00edm v\u010das.<\/li>\n                    <li>Ak m\u00e1te vopred nejak\u00e9 ot\u00e1zky: budete ich m\u00f4c\u0165 zodpoveda\u0165 vopred, aby ste si boli ist\u00ed, \u017ee ste tak urobili vopred.<\/li>\n                    <li>Pr\u00e1vo namieta\u0165: m\u00f4\u017eete vznies\u0165 n\u00e1mietku proti spracovaniu va\u0161ich \u00fadajov. Dodr\u017eiavame to, pokia\u013e neexistuj\u00fa od\u00f4vodnen\u00e9 d\u00f4vody na spracovanie.<\/li>\n                <\/ul><p>Kontaktujte n\u00e1s nesk\u00f4r. Pozrite sa na kontaktn\u00e9 \u00fadaje v spodnej \u010dasti t\u00fdchto z\u00e1sad pou\u017e\u00edvania s\u00faborov cookie. Ak m\u00e1te s\u0165a\u017enos\u0165 na to, ako nar\u00e1bame s va\u0161imi \u00fadajmi, radi by sme v\u00e1s po\u010duli, ale m\u00e1te tie\u017e pr\u00e1vo poda\u0165 s\u0165a\u017enos\u0165 dozorn\u00e9mu org\u00e1nu (\u00farad na ochranu \u00fadajov).<\/p><h2>10. Kontaktn\u00e9 \u00fadaje<\/h2><p>M\u00f4\u017eete tie\u017e pou\u017ei\u0165 nasleduj\u00face s\u00fabory cookie, ak sa o nich chcete dozvedie\u0165 viac, ale st\u00e1le s nimi m\u00f4\u017eete za\u010da\u0165:<\/p><p><span class=\"cmplz-contact-organisation\">Zora Terrichov\u00e1 \/ ZTRANSLATE<\/span><br>\n                      <span class=\"cmplz-contact-address\">Leeward 35, 1034 KM Amsterdam<\/span><br>\n                      <span class=\"cmplz-contact-country\">Holand\u010dina<\/span><br>\n                      <span class=\"cmplz-contact-domain\">Webov\u00e1 str\u00e1nka: <a href=\"https:\/\/www.ztranslate.eu\/sk\">https:\/\/www.ztranslate.eu\/sk<\/a><\/span><br>\n                      <span class=\"cmplz-contact-email\">E-mail: <span class=\"cmplz-obfuscate\">&#099;o&#110;t&#097;ct@<span class=\"cmplz-fmail-domain\">e&#120;.&#099;&#111;m<\/span>&#122;&#116;&#114;ansl&#097;&#116;e.&#101;u<\/span><\/span><br>\n                    <span class=\"cmplz-contact-telephone\">Telef\u00f3nne \u010d\u00edslo: +31(0)6 531 679 98<\/span><\/p><p>Tieto z\u00e1sady pou\u017e\u00edvania s\u00faborov cookie s\u00fa synchronizovan\u00e9 so serverom <a href=\"https:\/\/cookiedatabase.org\/\" target=\"_blank\" rel=\"noopener\">s\u00fabory cookiedatabase.org<\/a> v 15 m\u00e1j 2026.<\/p><\/div>","protected":false},"excerpt":{"rendered":"","protected":false},"author":1,"featured_media":0,"parent":0,"menu_order":0,"comment_status":"closed","ping_status":"closed","template":"","meta":{"_joinchat":[],"footnotes":""},"class_list":["post-800","page","type-page","status-publish","hentry"],"_links":{"self":[{"href":"https:\/\/www.ztranslate.eu\/sk\/wp-json\/wp\/v2\/pages\/800","targetHints":{"allow":["GET"]}}],"collection":[{"href":"https:\/\/www.ztranslate.eu\/sk\/wp-json\/wp\/v2\/pages"}],"about":[{"href":"https:\/\/www.ztranslate.eu\/sk\/wp-json\/wp\/v2\/types\/page"}],"author":[{"embeddable":true,"href":"https:\/\/www.ztranslate.eu\/sk\/wp-json\/wp\/v2\/users\/1"}],"replies":[{"embeddable":true,"href":"https:\/\/www.ztranslate.eu\/sk\/wp-json\/wp\/v2\/comments?post=800"}],"version-history":[{"count":0,"href":"https:\/\/www.ztranslate.eu\/sk\/wp-json\/wp\/v2\/pages\/800\/revisions"}],"wp:attachment":[{"href":"https:\/\/www.ztranslate.eu\/sk\/wp-json\/wp\/v2\/media?parent=800"}],"curies":[{"name":"wp","href":"https:\/\/api.w.org\/{rel}","templated":true}]}}