{"id":437,"date":"2025-12-27T19:58:03","date_gmt":"2025-12-27T19:58:03","guid":{"rendered":"https:\/\/ztranslate.eu\/?page_id=437"},"modified":"2026-05-14T11:26:51","modified_gmt":"2026-05-14T09:26:51","slug":"dalsie-sluzby","status":"publish","type":"page","link":"https:\/\/www.ztranslate.eu\/sk\/dalsie-sluzby\/","title":{"rendered":"\u010eal\u0161ie slu\u017eby"},"content":{"rendered":"<div data-elementor-type=\"wp-page\" data-elementor-id=\"437\" class=\"elementor elementor-437\" data-elementor-post-type=\"page\">\n\t\t\t\t\t\t<section class=\"elementor-section elementor-top-section elementor-element elementor-element-7d118a6d elementor-section-content-middle elementor-section-boxed elementor-section-height-default elementor-section-height-default\" data-id=\"7d118a6d\" data-element_type=\"section\" data-e-type=\"section\" data-settings=\"{&quot;background_background&quot;:&quot;classic&quot;}\">\n\t\t\t\t\t\t\t<div class=\"elementor-background-overlay\"><\/div>\n\t\t\t\t\t\t\t<div class=\"elementor-container elementor-column-gap-default\">\n\t\t\t\t\t<div class=\"elementor-column elementor-col-100 elementor-top-column elementor-element elementor-element-4c3b085d\" data-id=\"4c3b085d\" data-element_type=\"column\" data-e-type=\"column\">\n\t\t\t<div class=\"elementor-widget-wrap elementor-element-populated\">\n\t\t\t\t\t\t<section class=\"elementor-section elementor-inner-section elementor-element elementor-element-45d29e1 elementor-section-boxed elementor-section-height-default elementor-section-height-default\" data-id=\"45d29e1\" data-element_type=\"section\" data-e-type=\"section\">\n\t\t\t\t\t\t<div class=\"elementor-container elementor-column-gap-default\">\n\t\t\t\t\t<div class=\"elementor-column elementor-col-100 elementor-inner-column elementor-element elementor-element-10fd2c9c\" data-id=\"10fd2c9c\" data-element_type=\"column\" data-e-type=\"column\">\n\t\t\t<div class=\"elementor-widget-wrap elementor-element-populated\">\n\t\t\t\t\t\t<div class=\"elementor-element elementor-element-4db9b9e3 elementor-invisible elementor-widget elementor-widget-heading\" data-id=\"4db9b9e3\" data-element_type=\"widget\" data-e-type=\"widget\" data-settings=\"{&quot;_animation&quot;:&quot;fadeInRight&quot;}\" data-widget_type=\"heading.default\">\n\t\t\t\t\t<h2 class=\"elementor-heading-title elementor-size-default\">\u010eal\u0161ie slu\u017eby<\/h2>\t\t\t\t<\/div>\n\t\t\t\t<div class=\"elementor-element elementor-element-71219151 elementor-invisible elementor-widget elementor-widget-heading\" data-id=\"71219151\" data-element_type=\"widget\" data-e-type=\"widget\" data-settings=\"{&quot;_animation&quot;:&quot;fadeInRight&quot;,&quot;_animation_delay&quot;:240}\" data-widget_type=\"heading.default\">\n\t\t\t\t\t<h2 class=\"elementor-heading-title elementor-size-default\">Doplnkov\u00e9 jazykov\u00e9 a prekladate\u013esk\u00e9 slu\u017eby<\/h2>\t\t\t\t<\/div>\n\t\t\t\t<div class=\"elementor-element elementor-element-4f231226 elementor-invisible elementor-widget elementor-widget-text-editor\" data-id=\"4f231226\" data-element_type=\"widget\" data-e-type=\"widget\" data-settings=\"{&quot;_animation&quot;:&quot;fadeInRight&quot;,&quot;_animation_delay&quot;:480}\" data-widget_type=\"text-editor.default\">\n\t\t\t\t\t\t\t\t\t<p>Okrem s\u00fadneho tlmo\u010denia a prekladate\u013esk\u00fdch slu\u017eieb poskytujem aj doplnkov\u00e9 pr\u00e1ce v oblasti audiovizu\u00e1lnych materi\u00e1lov a hovoren\u00e9ho textu.<\/p>\t\t\t\t\t\t\t\t<\/div>\n\t\t\t\t\t<\/div>\n\t\t<\/div>\n\t\t\t\t\t<\/div>\n\t\t<\/section>\n\t\t\t\t\t<\/div>\n\t\t<\/div>\n\t\t\t\t\t<\/div>\n\t\t<\/section>\n\t\t\t\t<section class=\"elementor-section elementor-top-section elementor-element elementor-element-5c1de1ac elementor-section-boxed elementor-section-height-default elementor-section-height-default\" data-id=\"5c1de1ac\" data-element_type=\"section\" data-e-type=\"section\">\n\t\t\t\t\t\t<div class=\"elementor-container elementor-column-gap-default\">\n\t\t\t\t\t<div class=\"elementor-column elementor-col-50 elementor-top-column elementor-element elementor-element-663bc842\" data-id=\"663bc842\" data-element_type=\"column\" data-e-type=\"column\">\n\t\t\t<div class=\"elementor-widget-wrap elementor-element-populated\">\n\t\t\t\t\t\t<div class=\"elementor-element elementor-element-43d1710f elementor-widget elementor-widget-heading\" data-id=\"43d1710f\" data-element_type=\"widget\" data-e-type=\"widget\" data-widget_type=\"heading.default\">\n\t\t\t\t\t<h2 class=\"elementor-heading-title elementor-size-default\">Titulky a audiovizu\u00e1lne preklady<\/h2>\t\t\t\t<\/div>\n\t\t\t\t<div class=\"elementor-element elementor-element-72f39750 elementor-widget elementor-widget-text-editor\" data-id=\"72f39750\" data-element_type=\"widget\" data-e-type=\"widget\" data-widget_type=\"text-editor.default\">\n\t\t\t\t\t\t\t\t\t<p>Poskytujem titulky, prepis a preklad zvukov\u00fdch nahr\u00e1vok, rozhovorov, prezent\u00e1ci\u00ed, (in\u0161trukt\u00e1\u017enych) filmov a in\u00fdch audiovizu\u00e1lnych materi\u00e1lov.<\/p><p data-start=\"1077\" data-end=\"1108\"><strong>Vhodn\u00e9 okrem in\u00e9ho pre:<\/strong><\/p><ul data-start=\"1109\" data-end=\"1202\"><li data-start=\"1109\" data-end=\"1136\"><p data-start=\"1111\" data-end=\"1136\">Vide\u00e1 a prezent\u00e1cie<\/p><\/li><li data-start=\"1137\" data-end=\"1163\"><p data-start=\"1139\" data-end=\"1163\">Informa\u010dn\u00fd materi\u00e1l<\/p><\/li><li data-start=\"1164\" data-end=\"1202\"><p data-start=\"1166\" data-end=\"1202\">Rozhovory a audiovizu\u00e1lny obsah<\/p><\/li><li data-start=\"1164\" data-end=\"1202\"><p data-start=\"1166\" data-end=\"1202\">Rozhovory a audiovizu\u00e1lny obsah<\/p><\/li><\/ul>\t\t\t\t\t\t\t\t<\/div>\n\t\t\t\t<div class=\"elementor-element elementor-element-72a7c71 elementor-widget elementor-widget-heading\" data-id=\"72a7c71\" data-element_type=\"widget\" data-e-type=\"widget\" data-widget_type=\"heading.default\">\n\t\t\t\t\t<h2 class=\"elementor-heading-title elementor-size-default\">Met\u00f3da:<\/h2>\t\t\t\t<\/div>\n\t\t\t\t<div class=\"elementor-element elementor-element-2c5706c elementor-widget elementor-widget-text-editor\" data-id=\"2c5706c\" data-element_type=\"widget\" data-e-type=\"widget\" data-widget_type=\"text-editor.default\">\n\t\t\t\t\t\t\t\t\t<p>Pri audiovizu\u00e1lnych prekladoch a transkripci\u00e1ch beriem do \u00favahy nasledovn\u00e9:<\/p><ul data-start=\"1983\" data-end=\"2121\"><li data-start=\"1983\" data-end=\"2029\"><p data-start=\"1985\" data-end=\"2029\">Kontext a t\u00f3n komunik\u00e1cie<\/p><\/li><li data-start=\"2030\" data-end=\"2067\"><p data-start=\"2032\" data-end=\"2067\">Cie\u013eov\u00e1 skupina a kult\u00farne nuansy<\/p><\/li><li data-start=\"2068\" data-end=\"2121\"><p data-start=\"2070\" data-end=\"2121\">Jasnos\u0165 a konzistentnos\u0165<\/p><\/li><li data-start=\"2068\" data-end=\"2121\"><p data-start=\"2070\" data-end=\"2121\">Presn\u00e1 reprodukcia hovoren\u00e9ho obsahu<\/p><\/li><\/ul><p>V\u0161etky dokumenty a z\u00e1znamy s\u00fa pova\u017eovan\u00e9 za d\u00f4vern\u00e9.<\/p>\t\t\t\t\t\t\t\t<\/div>\n\t\t\t\t<div class=\"elementor-element elementor-element-7f5c313 elementor-widget elementor-widget-heading\" data-id=\"7f5c313\" data-element_type=\"widget\" data-e-type=\"widget\" data-widget_type=\"heading.default\">\n\t\t\t\t\t<h2 class=\"elementor-heading-title elementor-size-default\">Zmluvn\u00e9 preklady:<\/h2>\t\t\t\t<\/div>\n\t\t\t\t<div class=\"elementor-element elementor-element-256eeae elementor-widget elementor-widget-text-editor\" data-id=\"256eeae\" data-element_type=\"widget\" data-e-type=\"widget\" data-widget_type=\"text-editor.default\">\n\t\t\t\t\t\t\t\t\t<p data-start=\"1390\" data-end=\"1600\">Preklady zml\u00fav vy\u017eaduj\u00fa maxim\u00e1lnu presnos\u0165 a znalos\u0165 pr\u00e1vnej terminol\u00f3gie. Poskytujem preklady zml\u00fav a doh\u00f4d so zachovan\u00edm ich pr\u00e1vneho v\u00fdznamu a \u0161trukt\u00fary.<\/p><p data-start=\"1602\" data-end=\"1645\"><strong data-start=\"1602\" data-end=\"1645\">Vlastnosti mojich zmluvn\u00fdch prekladov:<\/strong><\/p><ul data-start=\"1646\" data-end=\"1785\"><li data-start=\"1646\" data-end=\"1696\"><p data-start=\"1648\" data-end=\"1696\">Starostliv\u00e9 zaobch\u00e1dzanie s pr\u00e1vnou terminol\u00f3giou<\/p><\/li><li data-start=\"1697\" data-end=\"1749\"><p data-start=\"1699\" data-end=\"1749\">Konzistentn\u00fd preklad pojmov a viet<\/p><\/li><li data-start=\"1750\" data-end=\"1785\"><p data-start=\"1752\" data-end=\"1785\">Jasn\u00e9 a spr\u00e1vne znenie<\/p><\/li><\/ul><p data-start=\"1787\" data-end=\"1869\">V pr\u00edpade potreby sa mo\u017eno vopred dohodn\u00fa\u0165, \u010di je potrebn\u00fd s\u00fadny preklad.<\/p>\t\t\t\t\t\t\t\t<\/div>\n\t\t\t\t<div class=\"elementor-element elementor-element-d85729b elementor-widget elementor-widget-heading\" data-id=\"d85729b\" data-element_type=\"widget\" data-e-type=\"widget\" data-widget_type=\"heading.default\">\n\t\t\t\t\t<h2 class=\"elementor-heading-title elementor-size-default\">Kvalita a starostlivos\u0165:<\/h2>\t\t\t\t<\/div>\n\t\t\t\t<div class=\"elementor-element elementor-element-5d70c84 elementor-widget elementor-widget-text-editor\" data-id=\"5d70c84\" data-element_type=\"widget\" data-e-type=\"widget\" data-widget_type=\"text-editor.default\">\n\t\t\t\t\t\t\t\t\t<p data-start=\"1908\" data-end=\"1982\">Kvalita je pri v\u0161etk\u00fdch doplnkov\u00fdch prekladoch na prvom mieste. To znamen\u00e1:<\/p><ul data-start=\"1983\" data-end=\"2121\"><li data-start=\"1983\" data-end=\"2029\"><p data-start=\"1985\" data-end=\"2029\">Preklady s oh\u013eadom na obsah a kontext<\/p><\/li><li data-start=\"2030\" data-end=\"2067\"><p data-start=\"2032\" data-end=\"2067\">Zos\u00faladenie s pl\u00e1novan\u00fdm pou\u017eit\u00edm<\/p><\/li><li data-start=\"2068\" data-end=\"2121\"><p data-start=\"2070\" data-end=\"2121\">D\u00f4vern\u00e9 zaobch\u00e1dzanie s dokumentmi a materi\u00e1lmi<\/p><\/li><\/ul>\t\t\t\t\t\t\t\t<\/div>\n\t\t\t\t\t<\/div>\n\t\t<\/div>\n\t\t\t\t<div class=\"elementor-column elementor-col-50 elementor-top-column elementor-element elementor-element-60489ad2\" data-id=\"60489ad2\" data-element_type=\"column\" data-e-type=\"column\">\n\t\t\t<div class=\"elementor-widget-wrap elementor-element-populated\">\n\t\t\t\t\t\t<div class=\"elementor-element elementor-element-33871822 elementor-cta--skin-cover elementor-cta--valign-bottom elementor-bg-transform elementor-bg-transform-zoom-in elementor-invisible elementor-widget elementor-widget-call-to-action\" data-id=\"33871822\" data-element_type=\"widget\" data-e-type=\"widget\" data-settings=\"{&quot;_animation&quot;:&quot;fadeInUp&quot;}\" data-widget_type=\"call-to-action.default\">\n\t\t\t\t\t\t\t<div class=\"elementor-cta\">\n\t\t\t\t\t<div class=\"elementor-cta__bg-wrapper\">\n\t\t\t\t<div class=\"elementor-cta__bg elementor-bg\" style=\"background-image: url(https:\/\/www.ztranslate.eu\/wp-content\/uploads\/2025\/12\/note-book-with-fabric-bookmark-2024-11-27-09-37-06-utc-scaled.jpg);\" role=\"img\" aria-label=\"Z\u00e1pisn\u00edk s \u010diernym obalom a l\u00e1tkovou z\u00e1lo\u017ekou.\"><\/div>\n\t\t\t\t<div class=\"elementor-cta__bg-overlay\"><\/div>\n\t\t\t<\/div>\n\t\t\t\t\t\t\t<div class=\"elementor-cta__content\">\n\t\t\t\t\n\t\t\t\t\t\t\t\t\t<h2 class=\"elementor-cta__title elementor-cta__content-item elementor-content-item\">\n\t\t\t\t\t\tKontakt a dostupnos\u0165\t\t\t\t\t<\/h2>\n\t\t\t\t\n\t\t\t\t\t\t\t\t\t<div class=\"elementor-cta__description elementor-cta__content-item elementor-content-item\">\n\t\t\t\t\t\tChceli by ste vedie\u0165, \u010di va\u0161a \u00faloha spad\u00e1 do jednej z t\u00fdchto \u0161pecializ\u00e1ci\u00ed? Nev\u00e1hajte n\u00e1s kontaktova\u0165 a preberieme s vami mo\u017enosti a pr\u00edstup.\t\t\t\t\t<\/div>\n\t\t\t\t\n\t\t\t\t\t\t\t\t\t<div class=\"elementor-cta__button-wrapper elementor-cta__content-item elementor-content-item\">\n\t\t\t\t\t<a class=\"elementor-cta__button elementor-button elementor-size-xs\" href=\"https:\/\/www.ztranslate.eu\/sk\/kontakt\/\" target=\"_blank\" rel=\"noopener\">\n\t\t\t\t\t\tKontaktujte n\u00e1s\t\t\t\t\t<\/a>\n\t\t\t\t\t<\/div>\n\t\t\t\t\t\t\t<\/div>\n\t\t\t\t\t\t<\/div>\n\t\t\t\t\t\t<\/div>\n\t\t\t\t\t<\/div>\n\t\t<\/div>\n\t\t\t\t\t<\/div>\n\t\t<\/section>\n\t\t\t\t<\/div>","protected":false},"excerpt":{"rendered":"<p>Overige diensten Aanvullende taal- en vertaaldiensten Naast be\u00ebdigde tolk- en vertaaldiensten verzorg ik ook aanvullende werkzaamheden op het gebied van audiovisueel materiaal en gesproken tekst. Ondertiteling &amp; audiovisuele vertalingen Ik verzorg ondertiteling, uitwerking en vertaling van audio-opnames, interviews, presentaties, (instructie)films en ander audiovisueel materiaal. Geschikt voor onder andere: Video\u2019s en presentaties Voorlichtingsmateriaal Interviews en audiovisuele [&hellip;]<\/p>\n","protected":false},"author":1,"featured_media":0,"parent":0,"menu_order":0,"comment_status":"closed","ping_status":"closed","template":"elementor_header_footer","meta":{"footnotes":""},"class_list":["post-437","page","type-page","status-publish","hentry"],"_links":{"self":[{"href":"https:\/\/www.ztranslate.eu\/sk\/wp-json\/wp\/v2\/pages\/437","targetHints":{"allow":["GET"]}}],"collection":[{"href":"https:\/\/www.ztranslate.eu\/sk\/wp-json\/wp\/v2\/pages"}],"about":[{"href":"https:\/\/www.ztranslate.eu\/sk\/wp-json\/wp\/v2\/types\/page"}],"author":[{"embeddable":true,"href":"https:\/\/www.ztranslate.eu\/sk\/wp-json\/wp\/v2\/users\/1"}],"replies":[{"embeddable":true,"href":"https:\/\/www.ztranslate.eu\/sk\/wp-json\/wp\/v2\/comments?post=437"}],"version-history":[{"count":11,"href":"https:\/\/www.ztranslate.eu\/sk\/wp-json\/wp\/v2\/pages\/437\/revisions"}],"predecessor-version":[{"id":662,"href":"https:\/\/www.ztranslate.eu\/sk\/wp-json\/wp\/v2\/pages\/437\/revisions\/662"}],"wp:attachment":[{"href":"https:\/\/www.ztranslate.eu\/sk\/wp-json\/wp\/v2\/media?parent=437"}],"curies":[{"name":"wp","href":"https:\/\/api.w.org\/{rel}","templated":true}]}}