{"id":259,"date":"2025-12-27T14:34:02","date_gmt":"2025-12-27T14:34:02","guid":{"rendered":"https:\/\/ztranslate.eu\/?page_id=259"},"modified":"2026-05-13T20:04:50","modified_gmt":"2026-05-13T18:04:50","slug":"o-mne","status":"publish","type":"page","link":"https:\/\/www.ztranslate.eu\/sk\/o-mne\/","title":{"rendered":"O mne"},"content":{"rendered":"<div data-elementor-type=\"wp-page\" data-elementor-id=\"259\" class=\"elementor elementor-259\" data-elementor-post-type=\"page\">\n\t\t\t\t\t\t<section class=\"elementor-section elementor-top-section elementor-element elementor-element-33df12be elementor-section-content-middle elementor-section-boxed elementor-section-height-default elementor-section-height-default\" data-id=\"33df12be\" data-element_type=\"section\" data-e-type=\"section\" data-settings=\"{&quot;background_background&quot;:&quot;classic&quot;}\">\n\t\t\t\t\t\t\t<div class=\"elementor-background-overlay\"><\/div>\n\t\t\t\t\t\t\t<div class=\"elementor-container elementor-column-gap-default\">\n\t\t\t\t\t<div class=\"elementor-column elementor-col-100 elementor-top-column elementor-element elementor-element-5b6c8868\" data-id=\"5b6c8868\" data-element_type=\"column\" data-e-type=\"column\">\n\t\t\t<div class=\"elementor-widget-wrap elementor-element-populated\">\n\t\t\t\t\t\t<section class=\"elementor-section elementor-inner-section elementor-element elementor-element-4825c18b elementor-section-boxed elementor-section-height-default elementor-section-height-default\" data-id=\"4825c18b\" data-element_type=\"section\" data-e-type=\"section\">\n\t\t\t\t\t\t<div class=\"elementor-container elementor-column-gap-default\">\n\t\t\t\t\t<div class=\"elementor-column elementor-col-100 elementor-inner-column elementor-element elementor-element-12f0c96e\" data-id=\"12f0c96e\" data-element_type=\"column\" data-e-type=\"column\">\n\t\t\t<div class=\"elementor-widget-wrap elementor-element-populated\">\n\t\t\t\t\t\t<div class=\"elementor-element elementor-element-428f2d1 elementor-invisible elementor-widget elementor-widget-heading\" data-id=\"428f2d1\" data-element_type=\"widget\" data-e-type=\"widget\" data-settings=\"{&quot;_animation&quot;:&quot;fadeInRight&quot;}\" data-widget_type=\"heading.default\">\n\t\t\t\t\t<h2 class=\"elementor-heading-title elementor-size-default\">O mne<\/h2>\t\t\t\t<\/div>\n\t\t\t\t\t<\/div>\n\t\t<\/div>\n\t\t\t\t\t<\/div>\n\t\t<\/section>\n\t\t\t\t\t<\/div>\n\t\t<\/div>\n\t\t\t\t\t<\/div>\n\t\t<\/section>\n\t\t\t\t<section class=\"elementor-section elementor-top-section elementor-element elementor-element-79e050e8 elementor-section-boxed elementor-section-height-default elementor-section-height-default\" data-id=\"79e050e8\" data-element_type=\"section\" data-e-type=\"section\">\n\t\t\t\t\t\t<div class=\"elementor-container elementor-column-gap-default\">\n\t\t\t\t\t<div class=\"elementor-column elementor-col-50 elementor-top-column elementor-element elementor-element-5b81eefc\" data-id=\"5b81eefc\" data-element_type=\"column\" data-e-type=\"column\">\n\t\t\t<div class=\"elementor-widget-wrap elementor-element-populated\">\n\t\t\t\t\t\t<div class=\"elementor-element elementor-element-513a4ffa elementor-widget__width-auto elementor-invisible elementor-widget elementor-widget-heading\" data-id=\"513a4ffa\" data-element_type=\"widget\" data-e-type=\"widget\" data-settings=\"{&quot;_animation&quot;:&quot;fadeInLeft&quot;}\" data-widget_type=\"heading.default\">\n\t\t\t\t\t<h2 class=\"elementor-heading-title elementor-size-default\">O Ztranslate<\/h2>\t\t\t\t<\/div>\n\t\t\t\t<div class=\"elementor-element elementor-element-76534ea elementor-invisible elementor-widget elementor-widget-heading\" data-id=\"76534ea\" data-element_type=\"widget\" data-e-type=\"widget\" data-settings=\"{&quot;_animation&quot;:&quot;fadeInUp&quot;}\" data-widget_type=\"heading.default\">\n\t\t\t\t\t<h2 class=\"elementor-heading-title elementor-size-default\">Vol\u00e1m sa Zora Terrichov\u00e1<\/h2>\t\t\t\t<\/div>\n\t\t\t\t<div class=\"elementor-element elementor-element-49f0987f elementor-widget elementor-widget-text-editor\" data-id=\"49f0987f\" data-element_type=\"widget\" data-e-type=\"widget\" data-widget_type=\"text-editor.default\">\n\t\t\t\t\t\t\t\t\t<p>Vol\u00e1m sa Zora Terrichov\u00e1, MSc, absolventka Amsterdamskej univerzity, kde som s vyznamenan\u00edm ukon\u010dila magistersk\u00fd program v odbore slovansk\u00e9 jazyky a literat\u00fara. Okrem toho som absolvovala \u0161kolenie pre tlmo\u010dn\u00edkov a prekladate\u013eov ru\u0161tiny na Bandoera Institute, ako aj \u0161kolenie SIGV pre s\u00fadnych tlmo\u010dn\u00edkov ru\u0161tiny.<\/p><p>O viac ako dvan\u00e1s\u0165 rokov nesk\u00f4r som si roz\u0161\u00edril odborn\u00e9 znalosti ponoren\u00edm sa do po\u013esk\u00e9ho jazyka a kult\u00fary prostredn\u00edctvom doplnkov\u00e9ho \u0161t\u00fadia na Amsterdamskej univerzite. Bakal\u00e1rsky titul v tomto odbore som z\u00edskal v roku 2008. Zo sloven\u010diny som na Slovensku zlo\u017eil \u0161t\u00e1tnu sk\u00fa\u0161ku na \u00farovni C1.<\/p><p>Okrem toho som absolvoval \u010fal\u0161ie vzdel\u00e1vanie v oblasti \u00farazov a lek\u00e1rskej terminol\u00f3gie, vr\u00e1tane kurzu lek\u00e1rskej terminol\u00f3gie vo Vroclave v Po\u013esku.<\/p><p>V tlmo\u010dn\u00edckej a prekladate\u013eskej profesii p\u00f4sob\u00edm od roku 1993 a z\u00edskal som rozsiahle sk\u00fasenosti v pr\u00e1vnom, lek\u00e1rskom a profesion\u00e1lnom prostred\u00ed.<\/p><p>Moja pr\u00e1ca sa zameriava predov\u0161etk\u00fdm na s\u00fadne tlmo\u010denie v po\u013e\u0161tine, ru\u0161tine, sloven\u010dine a \u010de\u0161tine, a to aj pre s\u00fady, not\u00e1rske kancel\u00e1rie, advok\u00e1tske kancel\u00e1rie, zdravotn\u00edcke zariadenia a mal\u00e9 a stredn\u00e9 podniky.<\/p><p>Pracujem konzekut\u00edvne aj simult\u00e1nne a som zn\u00e1my svoj\u00edm r\u00fdchlym a efekt\u00edvnym tlmo\u010dn\u00edckym \u0161t\u00fdlom. Okrem toho poskytujem prekladate\u013esk\u00e9 slu\u017eby do a z ru\u0161tiny, sloven\u010diny, \u010de\u0161tiny a holand\u010diny.<\/p><p>Pre ru\u0161tinu, sloven\u010dinu a \u010de\u0161tinu som registrovan\u00fd ako s\u00fadny tlmo\u010dn\u00edk a prekladate\u013e v registri Wbtv Rady pre pr\u00e1vnu pomoc. Pre po\u013e\u0161tinu som registrovan\u00fd ako s\u00fadny tlmo\u010dn\u00edk.<\/p><p>Jasn\u00e1 komunik\u00e1cia, neutralita a d\u00f4vernos\u0165 s\u00fa pre moju pr\u00e1cu k\u013e\u00fa\u010dov\u00e9.<\/p>\t\t\t\t\t\t\t\t<\/div>\n\t\t\t\t<div class=\"elementor-element elementor-element-6383b805 elementor-widget elementor-widget-button\" data-id=\"6383b805\" data-element_type=\"widget\" data-e-type=\"widget\" data-widget_type=\"button.default\">\n\t\t\t\t\t\t\t\t\t\t<a class=\"elementor-button elementor-button-link elementor-size-sm\" href=\"https:\/\/www.ztranslate.eu\/sk\/kontakt\/\" target=\"_blank\" rel=\"noopener\">\n\t\t\t\t\t\t<span class=\"elementor-button-content-wrapper\">\n\t\t\t\t\t\t\t\t\t<span class=\"elementor-button-text\">Kontaktujte ma<\/span>\n\t\t\t\t\t<\/span>\n\t\t\t\t\t<\/a>\n\t\t\t\t\t\t\t\t<\/div>\n\t\t\t\t\t<\/div>\n\t\t<\/div>\n\t\t\t\t<div class=\"elementor-column elementor-col-50 elementor-top-column elementor-element elementor-element-6b659b34\" data-id=\"6b659b34\" data-element_type=\"column\" data-e-type=\"column\">\n\t\t\t<div class=\"elementor-widget-wrap elementor-element-populated\">\n\t\t\t\t\t\t<div class=\"elementor-element elementor-element-5aff3f70 elementor-widget__width-initial elementor-absolute elementor-invisible elementor-widget elementor-widget-spacer\" data-id=\"5aff3f70\" data-element_type=\"widget\" data-e-type=\"widget\" data-settings=\"{&quot;_position&quot;:&quot;absolute&quot;,&quot;_animation&quot;:&quot;fadeInLeft&quot;}\" data-widget_type=\"spacer.default\">\n\t\t\t\t\t\t\t<div class=\"elementor-spacer\">\n\t\t\t<div class=\"elementor-spacer-inner\"><\/div>\n\t\t<\/div>\n\t\t\t\t\t\t<\/div>\n\t\t\t\t<div class=\"elementor-element elementor-element-6e7a9668 elementor-invisible elementor-widget elementor-widget-image\" data-id=\"6e7a9668\" data-element_type=\"widget\" data-e-type=\"widget\" data-settings=\"{&quot;_animation&quot;:&quot;slideInRight&quot;}\" data-widget_type=\"image.default\">\n\t\t\t\t\t\t\t\t\t\t\t\t\t\t\t<img fetchpriority=\"high\" decoding=\"async\" width=\"1536\" height=\"1024\" src=\"https:\/\/www.ztranslate.eu\/wp-content\/uploads\/2025\/12\/ChatGPT-Image-Dec-26-2025-11_07_02-PM.png\" class=\"attachment-full size-full wp-image-117\" alt=\"Be\u00ebdigd Tolk en Vertaler | Tsjechisch Russisch Slowaaks &amp; Pools\" srcset=\"https:\/\/www.ztranslate.eu\/wp-content\/uploads\/2025\/12\/ChatGPT-Image-Dec-26-2025-11_07_02-PM.png 1536w, https:\/\/www.ztranslate.eu\/wp-content\/uploads\/2025\/12\/ChatGPT-Image-Dec-26-2025-11_07_02-PM-300x200.png 300w, https:\/\/www.ztranslate.eu\/wp-content\/uploads\/2025\/12\/ChatGPT-Image-Dec-26-2025-11_07_02-PM-1024x683.png 1024w, https:\/\/www.ztranslate.eu\/wp-content\/uploads\/2025\/12\/ChatGPT-Image-Dec-26-2025-11_07_02-PM-768x512.png 768w\" sizes=\"(max-width: 1536px) 100vw, 1536px\" \/>\t\t\t\t\t\t\t\t\t\t\t\t\t\t\t<\/div>\n\t\t\t\t\t<\/div>\n\t\t<\/div>\n\t\t\t\t\t<\/div>\n\t\t<\/section>\n\t\t\t\t<\/div>","protected":false},"excerpt":{"rendered":"<p>Over mij Over Ztranslate Mijn naam is Zora Terrichova Ik ben drs. Bc. Zora Terrichova, afgestudeerd aan de Universiteit van Amsterdam, waar ik de master Slavische talen en letterkunde cum laude heb afgerond. Daarnaast heb ik de opleiding tot tolk en vertaler Russisch aan Instituut Bandoera gevolgd, evenals de SIGV-opleiding voor gerechtstolken Russisch. Ruim twaalf [&hellip;]<\/p>\n","protected":false},"author":1,"featured_media":0,"parent":0,"menu_order":0,"comment_status":"closed","ping_status":"closed","template":"elementor_header_footer","meta":{"footnotes":""},"class_list":["post-259","page","type-page","status-publish","hentry"],"_links":{"self":[{"href":"https:\/\/www.ztranslate.eu\/sk\/wp-json\/wp\/v2\/pages\/259","targetHints":{"allow":["GET"]}}],"collection":[{"href":"https:\/\/www.ztranslate.eu\/sk\/wp-json\/wp\/v2\/pages"}],"about":[{"href":"https:\/\/www.ztranslate.eu\/sk\/wp-json\/wp\/v2\/types\/page"}],"author":[{"embeddable":true,"href":"https:\/\/www.ztranslate.eu\/sk\/wp-json\/wp\/v2\/users\/1"}],"replies":[{"embeddable":true,"href":"https:\/\/www.ztranslate.eu\/sk\/wp-json\/wp\/v2\/comments?post=259"}],"version-history":[{"count":31,"href":"https:\/\/www.ztranslate.eu\/sk\/wp-json\/wp\/v2\/pages\/259\/revisions"}],"predecessor-version":[{"id":590,"href":"https:\/\/www.ztranslate.eu\/sk\/wp-json\/wp\/v2\/pages\/259\/revisions\/590"}],"wp:attachment":[{"href":"https:\/\/www.ztranslate.eu\/sk\/wp-json\/wp\/v2\/media?parent=259"}],"curies":[{"name":"wp","href":"https:\/\/api.w.org\/{rel}","templated":true}]}}