{"id":800,"date":"2026-05-15T12:40:17","date_gmt":"2026-05-15T10:40:17","guid":{"rendered":"https:\/\/www.ztranslate.eu\/cookiebeleid-eu\/"},"modified":"2026-05-15T12:40:17","modified_gmt":"2026-05-15T10:40:17","slug":"polityka-plikow-cookie-ue","status":"publish","type":"page","link":"https:\/\/www.ztranslate.eu\/pl\/polityka-plikow-cookie-ue\/","title":{"rendered":"Polityka plik\u00f3w cookie (UE)"},"content":{"rendered":"<!-- Legal document generated by Complianz | GDPR\/CCPA Cookie Consent https:\/\/wordpress.org\/plugins\/complianz-gdpr -->\n<div id=\"cmplz-document\" class=\"cmplz-document cookie-statement cmplz-document-eu\"><p><i>To o\u015bwiadczenie dotycz\u0105ce plik\u00f3w cookie by\u0142o ostatnio aktualizowane 15 maj 2026 i dotyczy obywateli oraz legalnych sta\u0142ych rezydent\u00f3w Europejskiego Obszaru Gospodarczego i Szwajcarii.<\/i><br><\/p><h2>1. Wprowadzenie<\/h2><p>Nasza strona internetowa, <a href=\"https:\/\/www.ztranslate.eu\/pl\">https:\/\/www.ztranslate.eu\/pl<\/a> (dalej: \u201estrona internetowa\u201d) u\u017cywa plik\u00f3w cookie i innych technologii (dla wszystkich technologii s\u0105 one okre\u015blane jako \u201epliki cookie\u201d). Pliki cookie s\u0105 r\u00f3wnie\u017c umieszczane przez strony zewn\u0119trzne. W ramach mo\u017cliwo\u015bci korzystania z plik\u00f3w cookie naszej strony internetowej.<\/p><h2>2. Czym s\u0105 ciasteczka?<\/h2><p>Plik cookie niewielki prosty plik wysy\u0142aj\u0105cy wraz ze stronami tej witryny i przechowywany przez szeroki dysk twardy komputera lub innego urz\u0105dzenia. Informacje w nich mog\u0105 zosta\u0107 zwr\u00f3cone na nasze serwery lub do serwer\u00f3w udost\u0119pnianych podczas korzystania z komputera.<\/p><h2>3. Czym s\u0105 skrypty?<\/h2><p>Skrypt do fragmentu kodu programu, kt\u00f3ry s\u0142u\u017cy do dzia\u0142ania i dzia\u0142ania naszej witryny. Ten kod jest wykonywany przez nasze rozwi\u0105zanie lub na dwa urz\u0105dzenia.<\/p><h2>4. Czym jest znacznik pikselowy?<\/h2><p>Web beacon (lub znacznik pikselowy) do ma\u0142ego, niewidocznego fragmentu tekstu lub obrazu na stronie internetowej, kt\u00f3ry s\u0142u\u017cy do monitorowania ruchu na stronie internetowej. Aby m\u00f3c korzysta\u0107 z r\u00f3\u017cnych danych, mo\u017cesz skorzysta\u0107 z web beacon\u00f3w.<\/p><h2>5. Ciasteczka<\/h2><p class=\"cmplz-subtitle\">5.1 Ciasteczka techniczna lub funkcjonalna<\/p><p>Pliki cookie mog\u0105 dzia\u0142a\u0107 prawid\u0142owo, korzystaj\u0105c z witryny internetowej i poznanie u\u017cytkownika. Umieszczaj\u0105c funkcjonalne pliki cookie, odwiedzaj\u0105c nasz\u0105 stron\u0119 internetow\u0105. W ten spos\u00f3b nie mo\u017cna wprowadzi\u0107 tych samych informacji podczas odwiedzania naszej strony internetowej, na przyk\u0142ad, elementy pozostaj\u0105 w koszyku, nie p\u0142ac\u0105c. udost\u0119pnia pliki cookie bez Twojej zgody.<\/p><p class=\"cmplz-subtitle\">5.2 Pliki cookie analityczne<\/p><p>U\u017cywamy plik\u00f3w cookie, aby zoptymalizowa\u0107 korzystanie ze strony internetowej dla naszych u\u017cytkownik\u00f3w. Dzi\u0119ki tym elektronicznym plikom cookie mo\u017cemy przegl\u0105da\u0107 w naszej witrynie. Prosimy o umieszczenie na urz\u0105dzeniu plik\u00f3w cookie.<\/p><p class=\"cmplz-subtitle\">5.3 Marketingowe \/ zamkni\u0119te pliki cookies<\/p><p>Marketingowe \/ powi\u0105zane pliki cookie s\u0105 plikami cookie (lub innymi formami przechowywanymi przez u\u017cytkownika) u\u017cywanymi do tworzenia profilu u\u017cytkownika w celu stosowania mu reklam lub informacji tego u\u017cytkownika na tej lub na kilku witrynach znajduj\u0105cych si\u0119 w informacjach marketingowych. <\/p><h2>6. Umieszczone pliki cookie<\/h2><div id=\"cmplz-cookies-overview\"><details class=\"cmplz-dropdown cmplz-service-desc cmplz-dropdown-cookiepolicy\">\n\t<summary class=\"cmplz-service-header\"><div>\n\t\t<h3>Elementor<\/h3>\n\t\t<p>Statystyki (anonimowe)<\/p>\n\t\t<label for=\"cmplz_service_elementor\" class=\"cmplz_consent_per_service_label\"><span class=\"screen-reader-text\">Zgoda na element us\u0142ugi<\/span><\/label>\n\t\t<input type=\"checkbox\" id=\"cmplz_service_elementor\" class=\"cmplz-accept-service cmplz-hidden\" data-service=\"elementor\" data-category=\"functional\"><\/div>\n\t<\/summary>\n\t<div class=\"cmplz-service-description\">\n\t\t<h4>U\u017cywanie<\/h4>\n\t\t<p>U\u017cywamy Elementor dla content creation. <a target=\"_blank\" rel=\"noopener noreferrer nofollow\" href=\"https:\/\/cookiedatabase.org\/service\/elementor\/\">Read more about Elementor<\/a><\/p>\n\t<\/div>\n\t<div class=\"cmplz-sharing-data\">\n\t\t<h4>Udost\u0119pnianie danych<\/h4>\n\t\t<p>Dane te nie s\u0105 udost\u0119pniane osobom trzecim.<\/p>\n\t<\/div>\n\t<div class=\"cookies-per-purpose\">\n    <div class=\"purpose\"><h4>Statystyki (anonimowe)<\/h4><\/div>\n    <div class=\"name-header\">\n\t<h5>Nazwa<\/h5>\n<\/div>\n<div class=\"name\"><a target=\"_blank\" rel=\"noopener noreferrer nofollow\" href=\"https:\/\/cookiedatabase.org\/cookie\/elementor\/elementor\/\">elementor<\/a><\/div>\n<div class=\"retention-header\">\n\t<h5>Wyga\u015bni\u0119cie<\/h5>\n<\/div>\n<div class=\"retention\">stacja<\/div>\n<div class=\"function-header\">\n\t<h5>Funkcja<\/h5>\n<\/div>\n<div class=\"function\">Zapis dzia\u0142a\u0144 nakazuj\u0105cych na stronie<\/div>\n\n<\/div>\n<\/details>\n<details class=\"cmplz-dropdown cmplz-service-desc cmplz-dropdown-cookiepolicy\">\n\t<summary class=\"cmplz-service-header\"><div>\n\t\t<h3>WordPress<\/h3>\n\t\t<p>Funkcjonalne<\/p>\n\t\t<label for=\"cmplz_service_wordpress\" class=\"cmplz_consent_per_service_label\"><span class=\"screen-reader-text\">Zgoda na obs\u0142ug\u0119 WordPressa<\/span><\/label>\n\t\t<input type=\"checkbox\" id=\"cmplz_service_wordpress\" class=\"cmplz-accept-service cmplz-hidden\" data-service=\"wordpress\" data-category=\"functional\"><\/div>\n\t<\/summary>\n\t<div class=\"cmplz-service-description\">\n\t\t<h4>U\u017cywanie<\/h4>\n\t\t<p>U\u017cywamy WordPress dla website development. <a target=\"_blank\" rel=\"noopener noreferrer nofollow\" href=\"https:\/\/cookiedatabase.org\/service\/wordpress\/\">Read more about WordPress<\/a><\/p>\n\t<\/div>\n\t<div class=\"cmplz-sharing-data\">\n\t\t<h4>Udost\u0119pnianie danych<\/h4>\n\t\t<p>Dane te nie s\u0105 udost\u0119pniane osobom trzecim.<\/p>\n\t<\/div>\n\t<div class=\"cookies-per-purpose\">\n    <div class=\"purpose\"><h4>Funkcjonalne<\/h4><\/div>\n    <div class=\"name-header\">\n\t<h5>Nazwa<\/h5>\n<\/div>\n<div class=\"name\"><a target=\"_blank\" rel=\"noopener noreferrer nofollow\" href=\"https:\/\/cookiedatabase.org\/cookie\/wordpress\/wpemojisettingssupports\/\">wpEmojiSettingsObs\u0142uguje<\/a><\/div>\n<div class=\"retention-header\">\n\t<h5>Wyga\u015bni\u0119cie<\/h5>\n<\/div>\n<div class=\"retention\">sesja<\/div>\n<div class=\"function-header\">\n\t<h5>Funkcja<\/h5>\n<\/div>\n<div class=\"function\">Zapisz informacje o przepisie<\/div>\n\n<\/div>\n<\/details>\n<details class=\"cmplz-dropdown cmplz-service-desc cmplz-dropdown-cookiepolicy\">\n\t<summary class=\"cmplz-service-header\"><div>\n\t\t<h3>Google Analytics<\/h3>\n\t\t<p>Statystyka<\/p>\n\t\t<label for=\"cmplz_service_google-analytics\" class=\"cmplz_consent_per_service_label\"><span class=\"screen-reader-text\">Zgoda na korzystanie z us\u0142ugi Google Analytics<\/span><\/label>\n\t\t<input type=\"checkbox\" id=\"cmplz_service_google-analytics\" class=\"cmplz-accept-service cmplz-hidden\" data-service=\"google-analytics\" data-category=\"functional\"><\/div>\n\t<\/summary>\n\t<div class=\"cmplz-service-description\">\n\t\t<h4>U\u017cywanie<\/h4>\n\t\t<p>U\u017cywamy Google Analytics dla statystyki strony internetowej. <a target=\"_blank\" rel=\"noopener noreferrer nofollow\" href=\"https:\/\/cookiedatabase.org\/service\/google-analytics\/\">Read more about Google Analytics<\/a><\/p>\n\t<\/div>\n\t<div class=\"cmplz-sharing-data\">\n\t\t<h4>Udost\u0119pnianie danych<\/h4>\n\t\t<p>Aby uzyska\u0107 wi\u0119cej informacji, prosz\u0119 przeczytaj <a target=\"_blank\" rel=\"noopener noreferrer nofollow\" href=\"https:\/\/business.safety.google\/privacy\/\">Google Analytics Privacy Statement<\/a>.<\/p>\n\t<\/div>\n\t<div class=\"cookies-per-purpose\">\n    <div class=\"purpose\"><h4>Statystyka<\/h4><\/div>\n    <div class=\"name-header\">\n\t<h5>Nazwa<\/h5>\n<\/div>\n<div class=\"name\"><a target=\"_blank\" rel=\"noopener noreferrer nofollow\" href=\"https:\/\/cookiedatabase.org\/cookie\/google-analytics\/_ga\/\">_ga<\/a><\/div>\n<div class=\"retention-header\">\n\t<h5>Wyga\u015bni\u0119cie<\/h5>\n<\/div>\n<div class=\"retention\">2 lata<\/div>\n<div class=\"function-header\">\n\t<h5>Funkcja<\/h5>\n<\/div>\n<div class=\"function\">Przechowuj i licz wy\u015bwietlenia stron<\/div>\n<div class=\"name-header\">\n\t<h5>Nazwa<\/h5>\n<\/div>\n<div class=\"name\"><a target=\"_blank\" rel=\"noopener noreferrer nofollow\" href=\"https:\/\/cookiedatabase.org\/cookie\/google-analytics\/_ga_\/\">_ga_*<\/a><\/div>\n<div class=\"retention-header\">\n\t<h5>Wyga\u015bni\u0119cie<\/h5>\n<\/div>\n<div class=\"retention\">1 rok<\/div>\n<div class=\"function-header\">\n\t<h5>Funkcja<\/h5>\n<\/div>\n<div class=\"function\">Przechowuj i licz wy\u015bwietlenia stron<\/div>\n\n<\/div>\n<\/details>\n<details class=\"cmplz-dropdown cmplz-service-desc cmplz-dropdown-cookiepolicy\">\n\t<summary class=\"cmplz-service-header\"><div>\n\t\t<h3>Google reCAPTCHA<\/h3>\n\t\t<p>Marketing<\/p>\n\t\t<label for=\"cmplz_service_google-recaptcha\" class=\"cmplz_consent_per_service_label\"><span class=\"screen-reader-text\">Zgoda na korzystanie z us\u0142ugi Google Recaptcha<\/span><\/label>\n\t\t<input type=\"checkbox\" id=\"cmplz_service_google-recaptcha\" class=\"cmplz-accept-service cmplz-hidden\" data-service=\"google-recaptcha\" data-category=\"functional\"><\/div>\n\t<\/summary>\n\t<div class=\"cmplz-service-description\">\n\t\t<h4>U\u017cywanie<\/h4>\n\t\t<p>U\u017cywamy Google reCAPTCHA dla spam prevention. <a target=\"_blank\" rel=\"noopener noreferrer nofollow\" href=\"https:\/\/cookiedatabase.org\/service\/google-recaptcha\/\">Read more about Google reCAPTCHA<\/a><\/p>\n\t<\/div>\n\t<div class=\"cmplz-sharing-data\">\n\t\t<h4>Udost\u0119pnianie danych<\/h4>\n\t\t<p>Aby uzyska\u0107 wi\u0119cej informacji, prosz\u0119 przeczytaj <a target=\"_blank\" rel=\"noopener noreferrer nofollow\" href=\"https:\/\/policies.google.com\/privacy\">Google reCAPTCHA Privacy Statement<\/a>.<\/p>\n\t<\/div>\n\t<div class=\"cookies-per-purpose\">\n    <div class=\"purpose\"><h4>Marketing<\/h4><\/div>\n    <div class=\"name-header\">\n\t<h5>Nazwa<\/h5>\n<\/div>\n<div class=\"name\"><a target=\"_blank\" rel=\"noopener noreferrer nofollow\" href=\"https:\/\/cookiedatabase.org\/cookie\/google-recaptcha\/rcc\/\">rc::c<\/a><\/div>\n<div class=\"retention-header\">\n\t<h5>Wyga\u015bni\u0119cie<\/h5>\n<\/div>\n<div class=\"retention\">sesja<\/div>\n<div class=\"function-header\">\n\t<h5>Funkcja<\/h5>\n<\/div>\n<div class=\"function\">Odczyt i filtrowanie \u017c\u0105da\u0144 od bot\u00f3w<\/div>\n<div class=\"name-header\">\n\t<h5>Nazwa<\/h5>\n<\/div>\n<div class=\"name\"><a target=\"_blank\" rel=\"noopener noreferrer nofollow\" href=\"https:\/\/cookiedatabase.org\/cookie\/google-recaptcha\/rcb\/\">rc::b<\/a><\/div>\n<div class=\"retention-header\">\n\t<h5>Wyga\u015bni\u0119cie<\/h5>\n<\/div>\n<div class=\"retention\">sesja<\/div>\n<div class=\"function-header\">\n\t<h5>Funkcja<\/h5>\n<\/div>\n<div class=\"function\">Odczyt i filtrowanie \u017c\u0105da\u0144 od bot\u00f3w<\/div>\n<div class=\"name-header\">\n\t<h5>Nazwa<\/h5>\n<\/div>\n<div class=\"name\"><a target=\"_blank\" rel=\"noopener noreferrer nofollow\" href=\"https:\/\/cookiedatabase.org\/cookie\/google-recaptcha\/rca\/\">rc::a<\/a><\/div>\n<div class=\"retention-header\">\n\t<h5>Wyga\u015bni\u0119cie<\/h5>\n<\/div>\n<div class=\"retention\">uporczywy<\/div>\n<div class=\"function-header\">\n\t<h5>Funkcja<\/h5>\n<\/div>\n<div class=\"function\">Odczyt i filtrowanie \u017c\u0105da\u0144 od bot\u00f3w<\/div>\n\n<\/div>\n<\/details>\n<details class=\"cmplz-dropdown cmplz-service-desc cmplz-dropdown-cookiepolicy\">\n\t<summary class=\"cmplz-service-header\"><div>\n\t\t<h3>Mapy Google<\/h3>\n\t\t<p>Marketing<\/p>\n\t\t<label for=\"cmplz_service_google-maps\" class=\"cmplz_consent_per_service_label\"><span class=\"screen-reader-text\">Zgoda na obs\u0142ug\u0119 map Google<\/span><\/label>\n\t\t<input type=\"checkbox\" id=\"cmplz_service_google-maps\" class=\"cmplz-accept-service cmplz-hidden\" data-service=\"google-maps\" data-category=\"functional\"><\/div>\n\t<\/summary>\n\t<div class=\"cmplz-service-description\">\n\t\t<h4>U\u017cywanie<\/h4>\n\t\t<p>U\u017cywamy Google Maps dla maps display. <a target=\"_blank\" rel=\"noopener noreferrer nofollow\" href=\"https:\/\/cookiedatabase.org\/service\/google-maps\/\">Read more about Google Maps<\/a><\/p>\n\t<\/div>\n\t<div class=\"cmplz-sharing-data\">\n\t\t<h4>Udost\u0119pnianie danych<\/h4>\n\t\t<p>Aby uzyska\u0107 wi\u0119cej informacji, prosz\u0119 przeczytaj <a target=\"_blank\" rel=\"noopener noreferrer nofollow\" href=\"https:\/\/business.safety.google\/privacy\/\">Google Maps Privacy Statement<\/a>.<\/p>\n\t<\/div>\n\t<div class=\"cookies-per-purpose\">\n    <div class=\"purpose\"><h4>Marketing<\/h4><\/div>\n    <div class=\"name-header\">\n\t<h5>Nazwa<\/h5>\n<\/div>\n<div class=\"name\"><a target=\"_blank\" rel=\"noopener noreferrer nofollow\" href=\"https:\/\/cookiedatabase.org\/cookie\/google-maps\/google-maps-api\/\">Interfejs API Map Google<\/a><\/div>\n<div class=\"retention-header\">\n\t<h5>Wyga\u015bni\u0119cie<\/h5>\n<\/div>\n<div class=\"retention\">nic<\/div>\n<div class=\"function-header\">\n\t<h5>Funkcja<\/h5>\n<\/div>\n<div class=\"function\">adres adresu IP u\u017cytkownika<\/div>\n\n<\/div>\n<\/details>\n<details class=\"cmplz-dropdown cmplz-service-desc cmplz-dropdown-cookiepolicy\">\n\t<summary class=\"cmplz-service-header\"><div>\n\t\t<h3>R\u00f3\u017cne<\/h3>\n\t\t<p>Cel w toku sprawdzania<\/p>\n\t\t<label for=\"cmplz_service_r\u00f3\u017cne\" class=\"cmplz_consent_per_service_label\"><span class=\"screen-reader-text\">Consent to service r\u00f3\u017cne<\/span><\/label>\n\t\t<input type=\"checkbox\" id=\"cmplz_service_r\u00f3\u017cne\" class=\"cmplz-accept-service cmplz-hidden\" data-service=\"r\u00f3\u017cne\" data-category=\"functional\"><\/div>\n\t<\/summary>\n\t<div class=\"cmplz-service-description\">\n\t\t<h4>U\u017cywanie<\/h4>\n\t\t<p><\/p>\n\t<\/div>\n\t<div class=\"cmplz-sharing-data\">\n\t\t<h4>Udost\u0119pnianie danych<\/h4>\n\t\t<p>Udost\u0119pnianie danych oczekuje na dochodzenie<\/p>\n\t<\/div>\n\t<div class=\"cookies-per-purpose\">\n    <div class=\"purpose\"><h4>Cel w toku sprawdzania<\/h4><\/div>\n    <div class=\"name-header\">\n\t<h5>Nazwa<\/h5>\n<\/div>\n<div class=\"name\">test<\/div>\n<div class=\"retention-header\">\n\t<h5>Wyga\u015bni\u0119cie<\/h5>\n<\/div>\n<div class=\"retention\"><\/div>\n<div class=\"function-header\">\n\t<h5>Funkcja<\/h5>\n<\/div>\n<div class=\"function\"><\/div>\n<div class=\"name-header\">\n\t<h5>Nazwa<\/h5>\n<\/div>\n<div class=\"name\">formbricks-js<\/div>\n<div class=\"retention-header\">\n\t<h5>Wyga\u015bni\u0119cie<\/h5>\n<\/div>\n<div class=\"retention\"><\/div>\n<div class=\"function-header\">\n\t<h5>Funkcja<\/h5>\n<\/div>\n<div class=\"function\"><\/div>\n<div class=\"name-header\">\n\t<h5>Nazwa<\/h5>\n<\/div>\n<div class=\"name\">e_kit-elements-defaults<\/div>\n<div class=\"retention-header\">\n\t<h5>Wyga\u015bni\u0119cie<\/h5>\n<\/div>\n<div class=\"retention\"><\/div>\n<div class=\"function-header\">\n\t<h5>Funkcja<\/h5>\n<\/div>\n<div class=\"function\"><\/div>\n<div class=\"name-header\">\n\t<h5>Nazwa<\/h5>\n<\/div>\n<div class=\"name\">do\u0142\u0105cz_kod_kraju_czatu<\/div>\n<div class=\"retention-header\">\n\t<h5>Wyga\u015bni\u0119cie<\/h5>\n<\/div>\n<div class=\"retention\"><\/div>\n<div class=\"function-header\">\n\t<h5>Funkcja<\/h5>\n<\/div>\n<div class=\"function\"><\/div>\n<div class=\"name-header\">\n\t<h5>Nazwa<\/h5>\n<\/div>\n<div class=\"name\">wp-settings-time-1<\/div>\n<div class=\"retention-header\">\n\t<h5>Wyga\u015bni\u0119cie<\/h5>\n<\/div>\n<div class=\"retention\"><\/div>\n<div class=\"function-header\">\n\t<h5>Funkcja<\/h5>\n<\/div>\n<div class=\"function\"><\/div>\n<div class=\"name-header\">\n\t<h5>Nazwa<\/h5>\n<\/div>\n<div class=\"name\">cf_clearance<\/div>\n<div class=\"retention-header\">\n\t<h5>Wyga\u015bni\u0119cie<\/h5>\n<\/div>\n<div class=\"retention\"><\/div>\n<div class=\"function-header\">\n\t<h5>Funkcja<\/h5>\n<\/div>\n<div class=\"function\"><\/div>\n<div class=\"name-header\">\n\t<h5>Nazwa<\/h5>\n<\/div>\n<div class=\"name\">cmplz_functional<\/div>\n<div class=\"retention-header\">\n\t<h5>Wyga\u015bni\u0119cie<\/h5>\n<\/div>\n<div class=\"retention\">365 dni<\/div>\n<div class=\"function-header\">\n\t<h5>Funkcja<\/h5>\n<\/div>\n<div class=\"function\"><\/div>\n<div class=\"name-header\">\n\t<h5>Nazwa<\/h5>\n<\/div>\n<div class=\"name\">cmplz_statistics<\/div>\n<div class=\"retention-header\">\n\t<h5>Wyga\u015bni\u0119cie<\/h5>\n<\/div>\n<div class=\"retention\">365 dni<\/div>\n<div class=\"function-header\">\n\t<h5>Funkcja<\/h5>\n<\/div>\n<div class=\"function\"><\/div>\n<div class=\"name-header\">\n\t<h5>Nazwa<\/h5>\n<\/div>\n<div class=\"name\">cmplz_preferences<\/div>\n<div class=\"retention-header\">\n\t<h5>Wyga\u015bni\u0119cie<\/h5>\n<\/div>\n<div class=\"retention\">365 dni<\/div>\n<div class=\"function-header\">\n\t<h5>Funkcja<\/h5>\n<\/div>\n<div class=\"function\"><\/div>\n<div class=\"name-header\">\n\t<h5>Nazwa<\/h5>\n<\/div>\n<div class=\"name\">cmplz_marketing<\/div>\n<div class=\"retention-header\">\n\t<h5>Wyga\u015bni\u0119cie<\/h5>\n<\/div>\n<div class=\"retention\">365 dni<\/div>\n<div class=\"function-header\">\n\t<h5>Funkcja<\/h5>\n<\/div>\n<div class=\"function\"><\/div>\n\n<\/div>\n<\/details>\n<\/div><h2>7. Zgoda<\/h2><p>Kiedy odwiedzasz nasz\u0105 stron\u0119 po raz pierwszy, uruchamiamy Ci wyskakuj\u0105ce okienko z informacj\u0105 o plikach cookie. Mo\u017cesz klikn\u0105\u0107 przycisk \"Zapisz preferencje\" po klikni\u0119ciu przycisku cookie i u\u017cyciu przycisku cookie w celu otwarcia pliku cookie. Je\u015bli chcesz skorzysta\u0107 z pliku cookie, b\u0119dziesz m\u00f3g\u0142 z niego skorzysta\u0107 tak szybko, jak to mo\u017cliwe, aby ciasteczka by\u0142y gotowe do spo\u017cycia, a ciasteczka nadal \u015bwie\u017ce.<\/p><p class=\"cmplz-subtitle\">7.1 Zarz\u0105dzaj swoimi ustawieniami zgody na pliki cookie<\/p><div id=\"cmplz-manage-consent-container-nojavascript\">Za\u0142adowa\u0142e\u015b polityk\u0119 plik\u00f3w cookie bez obs\u0142ugi javascript.&nbsp;Na AMP, mo\u017cesz u\u017cy\u0107 przycisku zarz\u0105dzania zgod\u0105, kt\u00f3ry znajduje si\u0119 na dole strony.<\/div><div id=\"cmplz-manage-consent-container\" class=\"cmplz-manage-consent-container\"><\/div><h2>8. W\u0142\u0105czanie \/ wy\u0142\u0105czanie i usuwanie plik\u00f3w cookie<\/h2><p>Mo\u017cliwo\u015b\u0107 u\u017cycia internetowego do automatycznego lub r\u0119cznego usuwania plik\u00f3w cookie. Mo\u017cna r\u00f3wnie\u017c okre\u015bli\u0107, \u017ce niekt\u00f3re pliki cookie mog\u0105 nie by\u0107 umieszczone. Inn\u0105 mo\u017cliwo\u015bci\u0105 jest zmiana ustawie\u0144 internetowych, tak aby uzyska\u0107 komunikat za ka\u017cdym razem, gdy plik cookie b\u0119dzie dost\u0119pny. Aby zosta\u0107 poinformowanym po te\u015bcie, b\u0119dziesz m\u00f3g\u0142 zobaczy\u0107 swoje instrukcje i sprawdzi\u0107 instrukcje.<\/p><p>Pami\u0119taj, \u017ce nie mo\u017cesz si\u0119 doczeka\u0107, aby zobaczy\u0107, co robisz, ale nie b\u0119dziesz m\u00f3g\u0142 korzysta\u0107 z plik\u00f3w cookie, dop\u00f3ki ich nie otrzymasz. Je\u015bli korzystasz z plik\u00f3w cookie w swojej przegl\u0105darce, jeden z nich jest umieszczony po wyra\u017ceniu zgody podczas korzystania z naszych stron internetowych.<\/p><h2>9. Twoje prawo w odniesieniu do danych osobowych<\/h2><p>Masz szczeg\u00f3\u0142owe prawa dotycz\u0105ce danych osobowych:<\/p><ul>\n                    <li>Masz prawo wiedzie\u0107, dlaczego dane osobowe s\u0105 potrzebne, co si\u0119 z nimi stanie i jak d\u0142ugo b\u0119d\u0105 u\u017cywane.<\/li>\n                    <li>Prawo dost\u0119pu: masz prawo dost\u0119pu do udost\u0119pniania danych osobowych.<\/li>\n                    <li>Prawo do sprostowania: masz prawo do uzupe\u0142nienia, usprawnienia, usuni\u0119cia lub zablokowania danych osobowych w momencie pojawienia si\u0119.<\/li>\n                    <li>Je\u015bli wyrazisz zgod\u0119 na odebranie danych osobowych, masz prawo z\u0142o\u017cy\u0107 wniosek i usun\u0105\u0107 swoje dane osobowe.<\/li>\n                    <li>Prawo do przenoszenia danych: masz prawo do administratora wszystkich danych osobowych i jest w ca\u0142o\u015bci innemu kontrolerowi.<\/li>\n                    <li>Prawo do sprzeciwu: mo\u017cna sprzeciwi\u0107 si\u0119 przetwarzaniu danych. Przestrzegamy tego, chyba \u017ce podstawa podstaw do leczenia.<\/li>\n                <\/ul><p>Aby uzyska\u0107 z tych praw, nale\u017cy dokona\u0107 z nami. Je\u015bli chcesz si\u0119 z nami skontaktowa\u0107 po u\u017cyciu plik\u00f3w cookie, skontaktuj si\u0119 z nami. Je\u015bli mo\u017cesz zg\u0142osi\u0107 skarg\u0119 do organu nadzorczego (organu ochrony danych).<\/p><h2>10. Dane kontaktowe<\/h2><p>W przypadku pyta\u0144 i\/lub komentarzy dotycz\u0105cych naszej polityki dotycz\u0105cej plik\u00f3w cookie i tego, prosimy lub skontaktuj si\u0119 z nami, aby uzyska\u0107 pomoc, a nast\u0119pnie skontaktuj si\u0119 z:<\/p><p><span class=\"cmplz-contact-organisation\">Zora Terrichova \/ ZTRANSLATE<\/span><br>\n                      <span class=\"cmplz-contact-address\">Leeward 35, 1034 KM Amsterdam<\/span><br>\n                      <span class=\"cmplz-contact-country\">Holandia<\/span><br>\n                      <span class=\"cmplz-contact-domain\">Witryna internetowa: <a href=\"https:\/\/www.ztranslate.eu\/pl\">https:\/\/www.ztranslate.eu\/pl<\/a><\/span><br>\n                      <span class=\"cmplz-contact-email\">Adres e-mail: <span class=\"cmplz-obfuscate\">co&#110;&#116;&#097;ct@<span class=\"cmplz-fmail-domain\">ex.&#099;&#111;m<\/span>z&#116;ra&#110;sla&#116;&#101;&#046;&#101;u<\/span><\/span><br>\n                    <span class=\"cmplz-contact-telephone\">Numer telefonu: +31(0)6 531 679 98<\/span><\/p><p>Ta Polityka Plik\u00f3w Cookies zosta\u0142a zsynchronizowana z  <a href=\"https:\/\/cookiedatabase.org\/\" target=\"_blank\" rel=\"noopener\">cookiedatabase.org<\/a> w dniu 15 maj 2026.<\/p><\/div>","protected":false},"excerpt":{"rendered":"","protected":false},"author":1,"featured_media":0,"parent":0,"menu_order":0,"comment_status":"closed","ping_status":"closed","template":"","meta":{"_joinchat":[],"footnotes":""},"class_list":["post-800","page","type-page","status-publish","hentry"],"_links":{"self":[{"href":"https:\/\/www.ztranslate.eu\/pl\/wp-json\/wp\/v2\/pages\/800","targetHints":{"allow":["GET"]}}],"collection":[{"href":"https:\/\/www.ztranslate.eu\/pl\/wp-json\/wp\/v2\/pages"}],"about":[{"href":"https:\/\/www.ztranslate.eu\/pl\/wp-json\/wp\/v2\/types\/page"}],"author":[{"embeddable":true,"href":"https:\/\/www.ztranslate.eu\/pl\/wp-json\/wp\/v2\/users\/1"}],"replies":[{"embeddable":true,"href":"https:\/\/www.ztranslate.eu\/pl\/wp-json\/wp\/v2\/comments?post=800"}],"version-history":[{"count":0,"href":"https:\/\/www.ztranslate.eu\/pl\/wp-json\/wp\/v2\/pages\/800\/revisions"}],"wp:attachment":[{"href":"https:\/\/www.ztranslate.eu\/pl\/wp-json\/wp\/v2\/media?parent=800"}],"curies":[{"name":"wp","href":"https:\/\/api.w.org\/{rel}","templated":true}]}}