{"id":498,"date":"2025-12-27T21:07:12","date_gmt":"2025-12-27T21:07:12","guid":{"rendered":"https:\/\/ztranslate.eu\/?page_id=498"},"modified":"2025-12-27T21:11:45","modified_gmt":"2025-12-27T21:11:45","slug":"polityka-prywatnosci","status":"publish","type":"page","link":"https:\/\/www.ztranslate.eu\/pl\/polityka-prywatnosci\/","title":{"rendered":"Polityka prywatno\u015bci"},"content":{"rendered":"<div data-elementor-type=\"wp-page\" data-elementor-id=\"498\" class=\"elementor elementor-498\" data-elementor-post-type=\"page\">\n\t\t\t\t\t\t<section class=\"elementor-section elementor-top-section elementor-element elementor-element-33df12be elementor-section-content-middle elementor-section-boxed elementor-section-height-default elementor-section-height-default\" data-id=\"33df12be\" data-element_type=\"section\" data-e-type=\"section\" data-settings=\"{&quot;background_background&quot;:&quot;classic&quot;}\">\n\t\t\t\t\t\t\t<div class=\"elementor-background-overlay\"><\/div>\n\t\t\t\t\t\t\t<div class=\"elementor-container elementor-column-gap-default\">\n\t\t\t\t\t<div class=\"elementor-column elementor-col-100 elementor-top-column elementor-element elementor-element-5b6c8868\" data-id=\"5b6c8868\" data-element_type=\"column\" data-e-type=\"column\">\n\t\t\t<div class=\"elementor-widget-wrap elementor-element-populated\">\n\t\t\t\t\t\t<section class=\"elementor-section elementor-inner-section elementor-element elementor-element-4825c18b elementor-section-boxed elementor-section-height-default elementor-section-height-default\" data-id=\"4825c18b\" data-element_type=\"section\" data-e-type=\"section\">\n\t\t\t\t\t\t<div class=\"elementor-container elementor-column-gap-default\">\n\t\t\t\t\t<div class=\"elementor-column elementor-col-100 elementor-inner-column elementor-element elementor-element-12f0c96e\" data-id=\"12f0c96e\" data-element_type=\"column\" data-e-type=\"column\">\n\t\t\t<div class=\"elementor-widget-wrap elementor-element-populated\">\n\t\t\t\t\t\t<div class=\"elementor-element elementor-element-428f2d1 elementor-invisible elementor-widget elementor-widget-heading\" data-id=\"428f2d1\" data-element_type=\"widget\" data-e-type=\"widget\" data-settings=\"{&quot;_animation&quot;:&quot;fadeInRight&quot;}\" data-widget_type=\"heading.default\">\n\t\t\t\t\t<h2 class=\"elementor-heading-title elementor-size-default\">O\u015bwiadczenie o ochronie prywatno\u015bci<\/h2>\t\t\t\t<\/div>\n\t\t\t\t\t<\/div>\n\t\t<\/div>\n\t\t\t\t\t<\/div>\n\t\t<\/section>\n\t\t\t\t\t<\/div>\n\t\t<\/div>\n\t\t\t\t\t<\/div>\n\t\t<\/section>\n\t\t\t\t<section class=\"elementor-section elementor-top-section elementor-element elementor-element-79e050e8 elementor-section-boxed elementor-section-height-default elementor-section-height-default\" data-id=\"79e050e8\" data-element_type=\"section\" data-e-type=\"section\">\n\t\t\t\t\t\t<div class=\"elementor-container elementor-column-gap-default\">\n\t\t\t\t\t<div class=\"elementor-column elementor-col-100 elementor-top-column elementor-element elementor-element-5b81eefc\" data-id=\"5b81eefc\" data-element_type=\"column\" data-e-type=\"column\">\n\t\t\t<div class=\"elementor-widget-wrap elementor-element-populated\">\n\t\t\t\t\t\t<div class=\"elementor-element elementor-element-49f0987f elementor-widget elementor-widget-text-editor\" data-id=\"49f0987f\" data-element_type=\"widget\" data-e-type=\"widget\" data-widget_type=\"text-editor.default\">\n\t\t\t\t\t\t\t\t\t<h4>1. Kim jestem\u00a0<\/h4><p>Z. Terrichova \u2013 Praca sekretarska i t\u0142umaczeniowa<br \/>Strona zawietrzna 35<br \/>1034 km Amsterdam<br \/>Numer w Izbie Handlowej: 34345805<br \/>Strona internetowa: <a href=\"http:\/\/www.ztranslate.eu\/pl\/\">www.ztranslate.eu<\/a><\/p><p>Z. Terrichova jest odpowiedzialna za przetwarzanie danych osobowych zgodnie z opisem zawartym w niniejszej polityce prywatno\u015bci.<\/p><h4>2. Przetwarzane dane osobowe<\/h4><p>Z. Terrichova przetwarza dane osobowe, poniewa\u017c korzystasz z naszych us\u0142ug i\/lub sam nam je przekazujesz. Mo\u017ce to obejmowa\u0107:<\/p><p>\u2013 Imi\u0119 i nazwisko<br \/>\u2013 Nazwa firmy<br \/>\u2013 Dane adresowe<br \/>\u2013 Numer telefonu<br \/>\u2013 Adres e-mail<br \/>\u2013 Dane do faktury i p\u0142atno\u015bci<br \/>\u2013 Dane niezb\u0119dne do wykonania zlecenia t\u0142umaczenia ustnego lub pisemnego<br \/>\u2013 Inne dane osobowe, kt\u00f3re aktywnie przekazujesz, na przyk\u0142ad za po\u015brednictwem poczty elektronicznej lub formularza kontaktowego<\/p><p>W kontek\u015bcie us\u0142ug t\u0142umaczeniowych i ustnych, mog\u0105 by\u0107 przetwarzane szczeg\u00f3lne lub wra\u017cliwe dane osobowe. Dzieje si\u0119 tak wy\u0142\u0105cznie wtedy, gdy jest to niezb\u0119dne do wykonania zlecenia i z zachowaniem \u015bcis\u0142ej poufno\u015bci.<\/p><h4>3. Cele przetwarzania<\/h4><p>Dane osobowe przetwarzane s\u0105 wy\u0142\u0105cznie w nast\u0119puj\u0105cych celach:<\/p><p>\u2013 Wykonywanie us\u0142ug t\u0142umaczeniowych i pisemnych<br \/>\u2013 Utrzymywanie kontaktu z klientami<br \/>\u2013 Przygotowywanie i wysy\u0142anie ofert i faktur<br \/>\u2013 Obs\u0142uga p\u0142atno\u015bci<br \/>\u2013 Przestrzeganie obowi\u0105zk\u00f3w prawnych<\/p><p>Dane osobowe nie s\u0105 wykorzystywane do cel\u00f3w marketingowych bez wyra\u017anej zgody.<\/p><h4>4. Podstawa przetwarzania<\/h4><p>Przetwarzanie danych osobowych odbywa si\u0119 na podstawie:<\/p><p>\u2013 Wykonanie umowy<br \/>\u2013 Obowi\u0105zek prawny<br \/>\u2013 Uzasadniony interes<br \/>\u2013 Zgoda osoby, kt\u00f3rej dane dotycz\u0105 (je\u015bli dotyczy)<\/p><h4>5. Okresy przechowywania<\/h4><p>Dane osobowe nie b\u0119d\u0105 przechowywane d\u0142u\u017cej ni\u017c jest to konieczne do osi\u0105gni\u0119cia cel\u00f3w, w jakich zosta\u0142y zebrane, chyba \u017ce d\u0142u\u017cszy okres przechowywania jest wymagany prawnie (na przyk\u0142ad w przypadku dokumentacji podatkowej).<\/p><h4>6. Udost\u0119pnianie danych osobowych osobom trzecim<\/h4><p>Z. Terrichova udost\u0119pnia dane osobowe osobom trzecim wy\u0142\u0105cznie w przypadku, gdy jest to niezb\u0119dne do realizacji umowy lub wype\u0142nienia obowi\u0105zku prawnego.<\/p><p>Dane osobowe nie s\u0105 sprzedawane osobom trzecim.<\/p><h4>7. Poufno\u015b\u0107 i tajemnica<\/h4><p>Jako t\u0142umaczka ustna i pisemna, Z. Terrichova jest zobowi\u0105zana do zachowania \u015bcis\u0142ej poufno\u015bci. Wszystkie otrzymane informacje i dokumenty s\u0105 traktowane poufnie i wykorzystywane wy\u0142\u0105cznie do realizacji danego zlecenia.<\/p><h4>8. Bezpiecze\u0144stwo danych osobowych<\/h4><p>Z. Terrichova podejmuje odpowiednie \u015brodki techniczne i organizacyjne w celu ochrony danych osobowych przed utrat\u0105, niew\u0142a\u015bciwym wykorzystaniem, nieuprawnionym dost\u0119pem i niepo\u017c\u0105danym ujawnieniem.<\/p><h4>9. Pliki cookie<\/h4><p>Z.translate.eu u\u017cywa wy\u0142\u0105cznie plik\u00f3w cookie funkcjonalnych i technicznych, kt\u00f3re s\u0105 niezb\u0119dne do prawid\u0142owego funkcjonowania strony internetowej. \u017badne pliki cookie \u015bledz\u0105ce ani marketingowe nie s\u0105 umieszczane bez Twojej zgody.<\/p><h4>10. Prawa os\u00f3b, kt\u00f3rych dane dotycz\u0105<\/h4><p>Masz prawo do:<\/p><p>\u2013 Aby przegl\u0105da\u0107 swoje dane osobowe<br \/>\u2013 Prawo do poprawienia lub usuni\u0119cia Twoich danych osobowych<br \/>\u2013 cofn\u0105\u0107 swoj\u0105 zgod\u0119<br \/>\u2013 Wniesienie sprzeciwu wobec przetwarzania<br \/>\u2013 \u017b\u0105danie przeniesienia danych<\/p><p>Zapytanie mo\u017cna z\u0142o\u017cy\u0107 za pomoc\u0105 formularza kontaktowego lub drog\u0105 mailow\u0105.<\/p><h4>11. Reklamacje<\/h4><p>Je\u015bli uwa\u017casz, \u017ce Twoje dane osobowe s\u0105 przetwarzane nieprawid\u0142owo, mo\u017cesz si\u0119 z nami skontaktowa\u0107. Ponadto masz prawo wnie\u015b\u0107 skarg\u0119 do holenderskiego Urz\u0119du Ochrony Danych Osobowych.<\/p><h4>12. Zmiany w niniejszej polityce prywatno\u015bci<\/h4><p>Z. Terrichova zastrzega sobie prawo do zmiany niniejszej polityki prywatno\u015bci. Aktualna wersja jest zawsze dost\u0119pna pod adresem <a href=\"http:\/\/www.ztranslate.eu\/pl\/\">www.ztranslate.eu<\/a><\/p>\t\t\t\t\t\t\t\t<\/div>\n\t\t\t\t\t<\/div>\n\t\t<\/div>\n\t\t\t\t\t<\/div>\n\t\t<\/section>\n\t\t\t\t<\/div>","protected":false},"excerpt":{"rendered":"<p>Privacyverklaring 1. Wie ik ben\u00a0 Z. Terrichova \u2013 Secretariaats- en vertaalwerkLijzijde 351034 KM AmsterdamKvK-nummer: 34345805Website: www.ztranslate.eu Z. Terrichova is verantwoordelijk voor de verwerking van persoonsgegevens zoals beschreven in deze privacyverklaring. 2. Persoonsgegevens die worden verwerkt Z. Terrichova verwerkt persoonsgegevens doordat u gebruikmaakt van onze diensten en\/of deze zelf aan ons verstrekt. Het kan hierbij gaan [&hellip;]<\/p>\n","protected":false},"author":1,"featured_media":0,"parent":0,"menu_order":0,"comment_status":"closed","ping_status":"closed","template":"elementor_header_footer","meta":{"footnotes":""},"class_list":["post-498","page","type-page","status-publish","hentry"],"_links":{"self":[{"href":"https:\/\/www.ztranslate.eu\/pl\/wp-json\/wp\/v2\/pages\/498","targetHints":{"allow":["GET"]}}],"collection":[{"href":"https:\/\/www.ztranslate.eu\/pl\/wp-json\/wp\/v2\/pages"}],"about":[{"href":"https:\/\/www.ztranslate.eu\/pl\/wp-json\/wp\/v2\/types\/page"}],"author":[{"embeddable":true,"href":"https:\/\/www.ztranslate.eu\/pl\/wp-json\/wp\/v2\/users\/1"}],"replies":[{"embeddable":true,"href":"https:\/\/www.ztranslate.eu\/pl\/wp-json\/wp\/v2\/comments?post=498"}],"version-history":[{"count":7,"href":"https:\/\/www.ztranslate.eu\/pl\/wp-json\/wp\/v2\/pages\/498\/revisions"}],"predecessor-version":[{"id":505,"href":"https:\/\/www.ztranslate.eu\/pl\/wp-json\/wp\/v2\/pages\/498\/revisions\/505"}],"wp:attachment":[{"href":"https:\/\/www.ztranslate.eu\/pl\/wp-json\/wp\/v2\/media?parent=498"}],"curies":[{"name":"wp","href":"https:\/\/api.w.org\/{rel}","templated":true}]}}