{"id":398,"date":"2025-12-27T19:13:13","date_gmt":"2025-12-27T19:13:13","guid":{"rendered":"https:\/\/ztranslate.eu\/?page_id=398"},"modified":"2026-05-14T14:00:01","modified_gmt":"2026-05-14T12:00:01","slug":"translation-services","status":"publish","type":"page","link":"https:\/\/www.ztranslate.eu\/en\/translation-services\/","title":{"rendered":"Translation services"},"content":{"rendered":"<div data-elementor-type=\"wp-page\" data-elementor-id=\"398\" class=\"elementor elementor-398\" data-elementor-post-type=\"page\">\n\t\t\t\t\t\t<section class=\"elementor-section elementor-top-section elementor-element elementor-element-7d118a6d elementor-section-content-middle elementor-section-boxed elementor-section-height-default elementor-section-height-default\" data-id=\"7d118a6d\" data-element_type=\"section\" data-e-type=\"section\" data-settings=\"{&quot;background_background&quot;:&quot;classic&quot;}\">\n\t\t\t\t\t\t\t<div class=\"elementor-background-overlay\"><\/div>\n\t\t\t\t\t\t\t<div class=\"elementor-container elementor-column-gap-default\">\n\t\t\t\t\t<div class=\"elementor-column elementor-col-100 elementor-top-column elementor-element elementor-element-4c3b085d\" data-id=\"4c3b085d\" data-element_type=\"column\" data-e-type=\"column\">\n\t\t\t<div class=\"elementor-widget-wrap elementor-element-populated\">\n\t\t\t\t\t\t<section class=\"elementor-section elementor-inner-section elementor-element elementor-element-45d29e1 elementor-section-boxed elementor-section-height-default elementor-section-height-default\" data-id=\"45d29e1\" data-element_type=\"section\" data-e-type=\"section\">\n\t\t\t\t\t\t<div class=\"elementor-container elementor-column-gap-default\">\n\t\t\t\t\t<div class=\"elementor-column elementor-col-100 elementor-inner-column elementor-element elementor-element-10fd2c9c\" data-id=\"10fd2c9c\" data-element_type=\"column\" data-e-type=\"column\">\n\t\t\t<div class=\"elementor-widget-wrap elementor-element-populated\">\n\t\t\t\t\t\t<div class=\"elementor-element elementor-element-4db9b9e3 elementor-invisible elementor-widget elementor-widget-heading\" data-id=\"4db9b9e3\" data-element_type=\"widget\" data-e-type=\"widget\" data-settings=\"{&quot;_animation&quot;:&quot;fadeInRight&quot;}\" data-widget_type=\"heading.default\">\n\t\t\t\t\t<h2 class=\"elementor-heading-title elementor-size-default\">Translation services <\/h2>\t\t\t\t<\/div>\n\t\t\t\t<div class=\"elementor-element elementor-element-71219151 elementor-invisible elementor-widget elementor-widget-heading\" data-id=\"71219151\" data-element_type=\"widget\" data-e-type=\"widget\" data-settings=\"{&quot;_animation&quot;:&quot;fadeInRight&quot;,&quot;_animation_delay&quot;:240}\" data-widget_type=\"heading.default\">\n\t\t\t\t\t<h2 class=\"elementor-heading-title elementor-size-default\">Sworn translations for legal and official use<\/h2>\t\t\t\t<\/div>\n\t\t\t\t<div class=\"elementor-element elementor-element-4f231226 elementor-invisible elementor-widget elementor-widget-text-editor\" data-id=\"4f231226\" data-element_type=\"widget\" data-e-type=\"widget\" data-settings=\"{&quot;_animation&quot;:&quot;fadeInRight&quot;,&quot;_animation_delay&quot;:480}\" data-widget_type=\"text-editor.default\">\n\t\t\t\t\t\t\t\t\t<p>For official documents, an accurate and legally valid translation is essential. As a sworn translator, I provide sworn translations that meet the applicable requirements of agencies, organizations, and authorities.<\/p>\t\t\t\t\t\t\t\t<\/div>\n\t\t\t\t\t<\/div>\n\t\t<\/div>\n\t\t\t\t\t<\/div>\n\t\t<\/section>\n\t\t\t\t\t<\/div>\n\t\t<\/div>\n\t\t\t\t\t<\/div>\n\t\t<\/section>\n\t\t\t\t<section class=\"elementor-section elementor-top-section elementor-element elementor-element-5c1de1ac elementor-section-boxed elementor-section-height-default elementor-section-height-default\" data-id=\"5c1de1ac\" data-element_type=\"section\" data-e-type=\"section\">\n\t\t\t\t\t\t<div class=\"elementor-container elementor-column-gap-default\">\n\t\t\t\t\t<div class=\"elementor-column elementor-col-50 elementor-top-column elementor-element elementor-element-663bc842\" data-id=\"663bc842\" data-element_type=\"column\" data-e-type=\"column\">\n\t\t\t<div class=\"elementor-widget-wrap elementor-element-populated\">\n\t\t\t\t\t\t<div class=\"elementor-element elementor-element-43d1710f elementor-widget elementor-widget-heading\" data-id=\"43d1710f\" data-element_type=\"widget\" data-e-type=\"widget\" data-widget_type=\"heading.default\">\n\t\t\t\t\t<h2 class=\"elementor-heading-title elementor-size-default\">What does my translation service entail?<\/h2>\t\t\t\t<\/div>\n\t\t\t\t<div class=\"elementor-element elementor-element-72f39750 elementor-widget elementor-widget-text-editor\" data-id=\"72f39750\" data-element_type=\"widget\" data-e-type=\"widget\" data-widget_type=\"text-editor.default\">\n\t\t\t\t\t\t\t\t\t<p data-start=\"902\" data-end=\"1136\">My translation services focus on official, legal, and professional documents where a usable and accurate translation is important.<\/p><p data-start=\"902\" data-end=\"1136\">A sworn translation is provided with a declaration, signature, and stamp, and is officially recognized by authorities in the Netherlands.<\/p><p data-start=\"1138\" data-end=\"1187\">Every translation is carefully checked for:<\/p><ul data-start=\"1188\" data-end=\"1275\"><li data-start=\"1188\" data-end=\"1214\"><p data-start=\"1190\" data-end=\"1214\">Substantive accuracy<\/p><\/li><li data-start=\"1215\" data-end=\"1242\"><p data-start=\"1217\" data-end=\"1242\">Terminology and context<\/p><\/li><li data-start=\"1243\" data-end=\"1275\"><p data-start=\"1245\" data-end=\"1275\">Consistency and readability<\/p><\/li><\/ul>\t\t\t\t\t\t\t\t<\/div>\n\t\t\t\t<div class=\"elementor-element elementor-element-68e41db elementor-widget elementor-widget-heading\" data-id=\"68e41db\" data-element_type=\"widget\" data-e-type=\"widget\" data-widget_type=\"heading.default\">\n\t\t\t\t\t<h2 class=\"elementor-heading-title elementor-size-default\">Translation languages:<\/h2>\t\t\t\t<\/div>\n\t\t\t\t<section class=\"elementor-section elementor-inner-section elementor-element elementor-element-21211283 elementor-section-boxed elementor-section-height-default elementor-section-height-default\" data-id=\"21211283\" data-element_type=\"section\" data-e-type=\"section\">\n\t\t\t\t\t\t<div class=\"elementor-container elementor-column-gap-no\">\n\t\t\t\t\t<div class=\"elementor-column elementor-col-100 elementor-inner-column elementor-element elementor-element-a03faa7\" data-id=\"a03faa7\" data-element_type=\"column\" data-e-type=\"column\">\n\t\t\t<div class=\"elementor-widget-wrap elementor-element-populated\">\n\t\t\t\t\t\t<div class=\"elementor-element elementor-element-42844f3b elementor-widget elementor-widget-text-editor\" data-id=\"42844f3b\" data-element_type=\"widget\" data-e-type=\"widget\" data-widget_type=\"text-editor.default\">\n\t\t\t\t\t\t\t\t\t<p data-start=\"1299\" data-end=\"1354\">I provide sworn translations for the following languages:<\/p><ul data-start=\"1356\" data-end=\"1502\"><li data-start=\"1356\" data-end=\"1393\"><p data-start=\"1358\" data-end=\"1393\">Czech \u2194 Dutch\u00a0<\/p><\/li><li data-start=\"1394\" data-end=\"1429\"><p data-start=\"1396\" data-end=\"1429\">Russian \u2194 Dutch\u00a0<\/p><\/li><li data-start=\"1430\" data-end=\"1502\"><p data-start=\"1432\" data-end=\"1502\">Slovak \u2194 Dutch<\/p><\/li><\/ul><p>For Polish, I provide exclusively interpreting services and no sworn translations. I do not provide sworn translations to and from English. In the Netherlands, separate registration as a sworn translator is required for every language combination. I do not hold this registration for English.<\/p>\t\t\t\t\t\t\t\t<\/div>\n\t\t\t\t\t<\/div>\n\t\t<\/div>\n\t\t\t\t\t<\/div>\n\t\t<\/section>\n\t\t\t\t<div class=\"elementor-element elementor-element-7f5c313 elementor-widget elementor-widget-heading\" data-id=\"7f5c313\" data-element_type=\"widget\" data-e-type=\"widget\" data-widget_type=\"heading.default\">\n\t\t\t\t\t<h2 class=\"elementor-heading-title elementor-size-default\">Types of documents:<\/h2>\t\t\t\t<\/div>\n\t\t\t\t<div class=\"elementor-element elementor-element-256eeae elementor-widget elementor-widget-text-editor\" data-id=\"256eeae\" data-element_type=\"widget\" data-e-type=\"widget\" data-widget_type=\"text-editor.default\">\n\t\t\t\t\t\t\t\t\t<p data-start=\"1608\" data-end=\"1662\">My translation services are used for, among other things:<\/p><ul data-start=\"1664\" data-end=\"1814\"><li data-start=\"1664\" data-end=\"1688\"><p data-start=\"1666\" data-end=\"1688\">Official documents<\/p><\/li><li data-start=\"1689\" data-end=\"1711\"><p data-start=\"1691\" data-end=\"1711\">Legal documents<\/p><\/li><li data-start=\"1712\" data-end=\"1735\"><p data-start=\"1714\" data-end=\"1735\">Government documents<\/p><\/li><li data-start=\"1736\" data-end=\"1765\"><p data-start=\"1738\" data-end=\"1765\">Business correspondence<\/p><\/li><li data-start=\"1766\" data-end=\"1814\"><p data-start=\"1768\" data-end=\"1814\">Personal documents of a formal nature<\/p><\/li><\/ul><p data-start=\"1816\" data-end=\"1901\">If desired, it can be agreed in advance whether a sworn translation is necessary.<\/p>\t\t\t\t\t\t\t\t<\/div>\n\t\t\t\t<div class=\"elementor-element elementor-element-72a7c71 elementor-widget elementor-widget-heading\" data-id=\"72a7c71\" data-element_type=\"widget\" data-e-type=\"widget\" data-widget_type=\"heading.default\">\n\t\t\t\t\t<h2 class=\"elementor-heading-title elementor-size-default\">Apostille:<\/h2>\t\t\t\t<\/div>\n\t\t\t\t<div class=\"elementor-element elementor-element-21fd52e elementor-widget elementor-widget-text-editor\" data-id=\"21fd52e\" data-element_type=\"widget\" data-e-type=\"widget\" data-widget_type=\"text-editor.default\">\n\t\t\t\t\t\t\t\t\t<p>Apostilles are issued by the court and not by the translator themselves. If desired, I can handle the application and processing of an apostille for a fee.<\/p>\t\t\t\t\t\t\t\t<\/div>\n\t\t\t\t<div class=\"elementor-element elementor-element-ac76818 elementor-widget elementor-widget-heading\" data-id=\"ac76818\" data-element_type=\"widget\" data-e-type=\"widget\" data-widget_type=\"heading.default\">\n\t\t\t\t\t<h2 class=\"elementor-heading-title elementor-size-default\">Types of documents:<\/h2>\t\t\t\t<\/div>\n\t\t\t\t<div class=\"elementor-element elementor-element-6f71c10 elementor-widget elementor-widget-text-editor\" data-id=\"6f71c10\" data-element_type=\"widget\" data-e-type=\"widget\" data-widget_type=\"text-editor.default\">\n\t\t\t\t\t\t\t\t\t<p>My translation services are used for, among other things:<\/p><ul data-start=\"1999\" data-end=\"2103\"><li data-start=\"1999\" data-end=\"2020\"><p data-start=\"2001\" data-end=\"2020\">Agreements, such as employment contracts, purchase agreements, and lease agreements<\/p><\/li><li data-start=\"2021\" data-end=\"2050\"><p data-start=\"2023\" data-end=\"2050\">Divorce documents and declarations of unmarried status<\/p><\/li><li data-start=\"2021\" data-end=\"2050\"><p data-start=\"2023\" data-end=\"2050\">Wills, living wills, and inheritance documents<\/p><\/li><li data-start=\"2021\" data-end=\"2050\"><p data-start=\"2023\" data-end=\"2050\">Cohabitation agreements and prenuptial agreements<\/p><\/li><li data-start=\"2021\" data-end=\"2050\"><p data-start=\"2023\" data-end=\"2050\">Deeds of transfer, division and mortgage<\/p><\/li><li data-start=\"2021\" data-end=\"2050\"><p data-start=\"2023\" data-end=\"2050\">Land registry extracts and documents regarding the origin of funds<\/p><\/li><li data-start=\"2021\" data-end=\"2050\"><p data-start=\"2023\" data-end=\"2050\">Banking and asset documentation for notarial or financial proceedings<\/p><\/li><li data-start=\"2021\" data-end=\"2050\"><p data-start=\"2023\" data-end=\"2050\">Powers of attorney, articles of incorporation, (corporate) statutes and Chamber of Commerce extracts<\/p><\/li><li data-start=\"2021\" data-end=\"2050\"><p data-start=\"2023\" data-end=\"2050\">Summonses and official reports<\/p><\/li><li data-start=\"2021\" data-end=\"2050\"><p data-start=\"2023\" data-end=\"2050\">Orders, summonses, and decisions of courts<\/p><\/li><li data-start=\"2021\" data-end=\"2050\"><p data-start=\"2023\" data-end=\"2050\">Medical reports and Certificates of Conduct<\/p><\/li><li data-start=\"2021\" data-end=\"2050\"><p data-start=\"2023\" data-end=\"2050\">Diplomas, certificates and statements<\/p><\/li><li data-start=\"2021\" data-end=\"2050\"><p data-start=\"2023\" data-end=\"2050\">Address registrations and naturalization documents<\/p><\/li><li data-start=\"2021\" data-end=\"2050\"><p data-start=\"2023\" data-end=\"2050\">Correspondence and annual reports<\/p><\/li><li data-start=\"2021\" data-end=\"2050\"><p data-start=\"2023\" data-end=\"2050\">Other official, legal, and professional documents<\/p><\/li><\/ul><p>Potential requirements of the receiving authority. If desired, it can be agreed in advance whether a sworn translation is necessary.<\/p>\t\t\t\t\t\t\t\t<\/div>\n\t\t\t\t<div class=\"elementor-element elementor-element-d4620e2 elementor-widget elementor-widget-heading\" data-id=\"d4620e2\" data-element_type=\"widget\" data-e-type=\"widget\" data-widget_type=\"heading.default\">\n\t\t\t\t\t<h2 class=\"elementor-heading-title elementor-size-default\">Method:<\/h2>\t\t\t\t<\/div>\n\t\t\t\t<div class=\"elementor-element elementor-element-2c5706c elementor-widget elementor-widget-text-editor\" data-id=\"2c5706c\" data-element_type=\"widget\" data-e-type=\"widget\" data-widget_type=\"text-editor.default\">\n\t\t\t\t\t\t\t\t\t<p data-start=\"1922\" data-end=\"1998\">Every translation assignment starts with a brief consultation regarding:<\/p><ul data-start=\"1999\" data-end=\"2103\"><li data-start=\"1999\" data-end=\"2020\"><p data-start=\"2001\" data-end=\"2020\">The type of document<\/p><\/li><li data-start=\"2021\" data-end=\"2050\"><p data-start=\"2023\" data-end=\"2050\">The purpose of the translation<\/p><\/li><li data-start=\"2051\" data-end=\"2103\"><p data-start=\"2053\" data-end=\"2103\">Any requirements of the receiving authority<\/p><\/li><\/ul><p data-start=\"2105\" data-end=\"2199\">When determining the costs and delivery time, factors such as the word count, desired delivery speed, and the complexity of the document layout are taken into account. Based on this, you will receive clear information regarding the approach, delivery time, and costs.<\/p>\t\t\t\t\t\t\t\t<\/div>\n\t\t\t\t<div class=\"elementor-element elementor-element-f387d24 elementor-widget elementor-widget-heading\" data-id=\"f387d24\" data-element_type=\"widget\" data-e-type=\"widget\" data-widget_type=\"heading.default\">\n\t\t\t\t\t<h2 class=\"elementor-heading-title elementor-size-default\">Verification and apostille:<\/h2>\t\t\t\t<\/div>\n\t\t\t\t<div class=\"elementor-element elementor-element-2d17c6a elementor-widget elementor-widget-text-editor\" data-id=\"2d17c6a\" data-element_type=\"widget\" data-e-type=\"widget\" data-widget_type=\"text-editor.default\">\n\t\t\t\t\t\t\t\t\t<p>For sworn translations, an authority may require additional verification or legalization. A sworn translation is provided with a declaration, signature, and stamp of the sworn translator.<\/p><p>In some cases, an apostille is also required. An apostille is issued by the court and confirms the authority of the sworn translator.<\/p><p>If necessary, the requirements applicable to the country or agency for which the translation is intended can be agreed upon in advance.<\/p>\t\t\t\t\t\t\t\t<\/div>\n\t\t\t\t\t<\/div>\n\t\t<\/div>\n\t\t\t\t<div class=\"elementor-column elementor-col-50 elementor-top-column elementor-element elementor-element-60489ad2\" data-id=\"60489ad2\" data-element_type=\"column\" data-e-type=\"column\">\n\t\t\t<div class=\"elementor-widget-wrap elementor-element-populated\">\n\t\t\t\t\t\t<div class=\"elementor-element elementor-element-33871822 elementor-cta--skin-cover elementor-cta--valign-bottom elementor-bg-transform elementor-bg-transform-zoom-in elementor-invisible elementor-widget elementor-widget-call-to-action\" data-id=\"33871822\" data-element_type=\"widget\" data-e-type=\"widget\" data-settings=\"{&quot;_animation&quot;:&quot;fadeInUp&quot;}\" data-widget_type=\"call-to-action.default\">\n\t\t\t\t\t\t\t<div class=\"elementor-cta\">\n\t\t\t\t\t<div class=\"elementor-cta__bg-wrapper\">\n\t\t\t\t<div class=\"elementor-cta__bg elementor-bg\" style=\"background-image: url(https:\/\/www.ztranslate.eu\/wp-content\/uploads\/2025\/12\/note-book-with-fabric-bookmark-2024-11-27-09-37-06-utc-scaled.jpg);\" role=\"img\" aria-label=\"Black cover note book with fabric bookmark.\"><\/div>\n\t\t\t\t<div class=\"elementor-cta__bg-overlay\"><\/div>\n\t\t\t<\/div>\n\t\t\t\t\t\t\t<div class=\"elementor-cta__content\">\n\t\t\t\t\n\t\t\t\t\t\t\t\t\t<h2 class=\"elementor-cta__title elementor-cta__content-item elementor-content-item\">\n\t\t\t\t\t\tContact &amp; availability\t\t\t\t\t<\/h2>\n\t\t\t\t\n\t\t\t\t\t\t\t\t\t<div class=\"elementor-cta__description elementor-cta__content-item elementor-content-item\">\n\t\t\t\t\t\tWould you like to have a document translated, or would you like to discuss whether a sworn translation is required? Please feel free to contact us regarding availability and coordination.\t\t\t\t\t<\/div>\n\t\t\t\t\n\t\t\t\t\t\t\t\t\t<div class=\"elementor-cta__button-wrapper elementor-cta__content-item elementor-content-item\">\n\t\t\t\t\t<a class=\"elementor-cta__button elementor-button elementor-size-xs\" href=\"https:\/\/www.ztranslate.eu\/en\/contact\/\" target=\"_blank\" rel=\"noopener\">\n\t\t\t\t\t\tContact us\t\t\t\t\t<\/a>\n\t\t\t\t\t<\/div>\n\t\t\t\t\t\t\t<\/div>\n\t\t\t\t\t\t<\/div>\n\t\t\t\t\t\t<\/div>\n\t\t\t\t\t<\/div>\n\t\t<\/div>\n\t\t\t\t\t<\/div>\n\t\t<\/section>\n\t\t\t\t<\/div>","protected":false},"excerpt":{"rendered":"<p>Vertaaldiensten Be\u00ebdigde vertalingen voor juridisch en officieel gebruik Bij offici\u00eble documenten is een correcte en juridisch geldige vertaling essentieel. Als be\u00ebdigd vertaler verzorg ik be\u00ebdigde vertalingen die voldoen aan de geldende eisen van instanties, organisaties en autoriteiten. Wat houdt mijn vertaaldienst in? Mijn vertaaldiensten zijn gericht op offici\u00eble, juridische en professionele documenten waarbij een goed [&hellip;]<\/p>\n","protected":false},"author":1,"featured_media":0,"parent":0,"menu_order":0,"comment_status":"closed","ping_status":"closed","template":"","meta":{"footnotes":""},"class_list":["post-398","page","type-page","status-publish","hentry"],"_links":{"self":[{"href":"https:\/\/www.ztranslate.eu\/en\/wp-json\/wp\/v2\/pages\/398","targetHints":{"allow":["GET"]}}],"collection":[{"href":"https:\/\/www.ztranslate.eu\/en\/wp-json\/wp\/v2\/pages"}],"about":[{"href":"https:\/\/www.ztranslate.eu\/en\/wp-json\/wp\/v2\/types\/page"}],"author":[{"embeddable":true,"href":"https:\/\/www.ztranslate.eu\/en\/wp-json\/wp\/v2\/users\/1"}],"replies":[{"embeddable":true,"href":"https:\/\/www.ztranslate.eu\/en\/wp-json\/wp\/v2\/comments?post=398"}],"version-history":[{"count":25,"href":"https:\/\/www.ztranslate.eu\/en\/wp-json\/wp\/v2\/pages\/398\/revisions"}],"predecessor-version":[{"id":633,"href":"https:\/\/www.ztranslate.eu\/en\/wp-json\/wp\/v2\/pages\/398\/revisions\/633"}],"wp:attachment":[{"href":"https:\/\/www.ztranslate.eu\/en\/wp-json\/wp\/v2\/media?parent=398"}],"curies":[{"name":"wp","href":"https:\/\/api.w.org\/{rel}","templated":true}]}}