{"id":407,"date":"2025-12-27T19:28:32","date_gmt":"2025-12-27T19:28:32","guid":{"rendered":"https:\/\/ztranslate.eu\/?page_id=407"},"modified":"2026-05-14T14:05:07","modified_gmt":"2026-05-14T12:05:07","slug":"soudni-spravedlnost","status":"publish","type":"page","link":"https:\/\/www.ztranslate.eu\/cs\/soudni-spravedlnost\/","title":{"rendered":"Soud a spravedlnost"},"content":{"rendered":"<div data-elementor-type=\"wp-page\" data-elementor-id=\"407\" class=\"elementor elementor-407\" data-elementor-post-type=\"page\">\n\t\t\t\t\t\t<section class=\"elementor-section elementor-top-section elementor-element elementor-element-7d118a6d elementor-section-content-middle elementor-section-boxed elementor-section-height-default elementor-section-height-default\" data-id=\"7d118a6d\" data-element_type=\"section\" data-e-type=\"section\" data-settings=\"{&quot;background_background&quot;:&quot;classic&quot;}\">\n\t\t\t\t\t\t\t<div class=\"elementor-background-overlay\"><\/div>\n\t\t\t\t\t\t\t<div class=\"elementor-container elementor-column-gap-default\">\n\t\t\t\t\t<div class=\"elementor-column elementor-col-100 elementor-top-column elementor-element elementor-element-4c3b085d\" data-id=\"4c3b085d\" data-element_type=\"column\" data-e-type=\"column\">\n\t\t\t<div class=\"elementor-widget-wrap elementor-element-populated\">\n\t\t\t\t\t\t<section class=\"elementor-section elementor-inner-section elementor-element elementor-element-45d29e1 elementor-section-boxed elementor-section-height-default elementor-section-height-default\" data-id=\"45d29e1\" data-element_type=\"section\" data-e-type=\"section\">\n\t\t\t\t\t\t<div class=\"elementor-container elementor-column-gap-default\">\n\t\t\t\t\t<div class=\"elementor-column elementor-col-100 elementor-inner-column elementor-element elementor-element-10fd2c9c\" data-id=\"10fd2c9c\" data-element_type=\"column\" data-e-type=\"column\">\n\t\t\t<div class=\"elementor-widget-wrap elementor-element-populated\">\n\t\t\t\t\t\t<div class=\"elementor-element elementor-element-4db9b9e3 elementor-invisible elementor-widget elementor-widget-heading\" data-id=\"4db9b9e3\" data-element_type=\"widget\" data-e-type=\"widget\" data-settings=\"{&quot;_animation&quot;:&quot;fadeInRight&quot;}\" data-widget_type=\"heading.default\">\n\t\t\t\t\t<h2 class=\"elementor-heading-title elementor-size-default\">Soud a spravedlnost<\/h2>\t\t\t\t<\/div>\n\t\t\t\t<div class=\"elementor-element elementor-element-71219151 elementor-invisible elementor-widget elementor-widget-heading\" data-id=\"71219151\" data-element_type=\"widget\" data-e-type=\"widget\" data-settings=\"{&quot;_animation&quot;:&quot;fadeInRight&quot;,&quot;_animation_delay&quot;:240}\" data-widget_type=\"heading.default\">\n\t\t\t\t\t<h2 class=\"elementor-heading-title elementor-size-default\">Soudn\u00ed jazykov\u00e1 podpora v r\u00e1mci pr\u00e1vn\u00edch a soudn\u00edch \u0159\u00edzen\u00ed<\/h2>\t\t\t\t<\/div>\n\t\t\t\t<div class=\"elementor-element elementor-element-4f231226 elementor-invisible elementor-widget elementor-widget-text-editor\" data-id=\"4f231226\" data-element_type=\"widget\" data-e-type=\"widget\" data-settings=\"{&quot;_animation&quot;:&quot;fadeInRight&quot;,&quot;_animation_delay&quot;:480}\" data-widget_type=\"text-editor.default\">\n\t\t\t\t\t\t\t\t\t<p>Jako soudn\u00ed tlumo\u010dn\u00edk pracuji v ob\u010danskopr\u00e1vn\u00edm i trestn\u00edm \u0159\u00edzen\u00ed. \u00da\u010dastn\u00edm se mimo jin\u00e9 soudn\u00edch jedn\u00e1n\u00ed, v\u00fdslech\u016f, pr\u00e1vn\u00edch konzultac\u00ed a sch\u016fzek s pr\u00e1vn\u00edky a justi\u010dn\u00edmi org\u00e1ny.<\/p><p>Pracuji jak soub\u011b\u017en\u011b, tak i po sob\u011b a zaji\u0161\u0165ujem neutr\u00e1ln\u00ed a \u0159\u00e1dn\u00fd p\u0159enos komunikace v souladu s platn\u00fdmi profesn\u00edmi pravidly a pravidly ml\u010denlivosti.<\/p>\t\t\t\t\t\t\t\t<\/div>\n\t\t\t\t\t<\/div>\n\t\t<\/div>\n\t\t\t\t\t<\/div>\n\t\t<\/section>\n\t\t\t\t\t<\/div>\n\t\t<\/div>\n\t\t\t\t\t<\/div>\n\t\t<\/section>\n\t\t\t\t<section class=\"elementor-section elementor-top-section elementor-element elementor-element-5c1de1ac elementor-section-boxed elementor-section-height-default elementor-section-height-default\" data-id=\"5c1de1ac\" data-element_type=\"section\" data-e-type=\"section\">\n\t\t\t\t\t\t<div class=\"elementor-container elementor-column-gap-default\">\n\t\t\t\t\t<div class=\"elementor-column elementor-col-50 elementor-top-column elementor-element elementor-element-663bc842\" data-id=\"663bc842\" data-element_type=\"column\" data-e-type=\"column\">\n\t\t\t<div class=\"elementor-widget-wrap elementor-element-populated\">\n\t\t\t\t\t\t<div class=\"elementor-element elementor-element-43d1710f elementor-widget elementor-widget-heading\" data-id=\"43d1710f\" data-element_type=\"widget\" data-e-type=\"widget\" data-widget_type=\"heading.default\">\n\t\t\t\t\t<h2 class=\"elementor-heading-title elementor-size-default\">Soudn\u00ed tlumo\u010dn\u00edk u soudu a v justici<\/h2>\t\t\t\t<\/div>\n\t\t\t\t<div class=\"elementor-element elementor-element-72f39750 elementor-widget elementor-widget-text-editor\" data-id=\"72f39750\" data-element_type=\"widget\" data-e-type=\"widget\" data-widget_type=\"text-editor.default\">\n\t\t\t\t\t\t\t\t\t<p data-start=\"967\" data-end=\"1017\">Jako soudn\u00ed tlumo\u010dn\u00edk\/tlumo\u010dnice p\u016fsob\u00edm mimo jin\u00e9 v oblasti:<\/p>\n<ul data-start=\"1018\" data-end=\"1135\">\n<li data-start=\"1018\" data-end=\"1048\">\n<p data-start=\"1020\" data-end=\"1048\">Zased\u00e1n\u00ed a sly\u0161en\u00ed<\/p>\n<\/li>\n<li data-start=\"1049\" data-end=\"1068\">\n<p data-start=\"1051\" data-end=\"1068\">Policejn\u00ed v\u00fdslechy<\/p>\n<\/li>\n<li data-start=\"1069\" data-end=\"1109\">\n<p data-start=\"1071\" data-end=\"1109\">Rozhovory s justi\u010dn\u00edmi org\u00e1ny<\/p>\n<\/li>\n<li data-start=\"1110\" data-end=\"1135\">\n<p data-start=\"1112\" data-end=\"1135\">Pr\u00e1vn\u00ed konzultace<\/p>\n<\/li>\n<\/ul>\n<p data-start=\"1137\" data-end=\"1277\">Zaji\u0161\u0165uji \u00fapln\u00fd, neutr\u00e1ln\u00ed a p\u0159esn\u00fd p\u0159enos toho, co je \u0159e\u010deno, bez interpretace nebo ovliv\u0148ov\u00e1n\u00ed obsahu.<\/p>\n<p data-start=\"1279\" data-end=\"1305\"><strong>Pracuji jako soudn\u00ed tlumo\u010dn\u00edk v:<\/strong><\/p>\n<ul data-start=\"1306\" data-end=\"1432\">\n<li data-start=\"1306\" data-end=\"1339\">\n<p data-start=\"1308\" data-end=\"1339\">Pol\u0161tina \u2194 Holand\u0161tina (pouze tlumo\u010dn\u00edci)<\/p>\n<\/li>\n<li data-start=\"1306\" data-end=\"1339\">\n<p data-start=\"1308\" data-end=\"1339\">Ru\u0161tina \u2194 Holand\u0161tina <\/p>\n<\/li>\n<li data-start=\"1306\" data-end=\"1339\">\n<p data-start=\"1308\" data-end=\"1339\">Sloven\u0161tina \u2194 Holand\u0161tina <\/p>\n<\/li>\n<li data-start=\"1306\" data-end=\"1339\">\n<p data-start=\"1308\" data-end=\"1339\">\u010ce\u0161tina \u2194 Holand\u0161tina <\/p>\n<\/li>\n\n<\/ul>\t\t\t\t\t\t\t\t<\/div>\n\t\t\t\t<div class=\"elementor-element elementor-element-7f5c313 elementor-widget elementor-widget-heading\" data-id=\"7f5c313\" data-element_type=\"widget\" data-e-type=\"widget\" data-widget_type=\"heading.default\">\n\t\t\t\t\t<h2 class=\"elementor-heading-title elementor-size-default\">P\u0159ekladatelsk\u00e9 slu\u017eby:<\/h2>\t\t\t\t<\/div>\n\t\t\t\t<div class=\"elementor-element elementor-element-256eeae elementor-widget elementor-widget-text-editor\" data-id=\"256eeae\" data-element_type=\"widget\" data-e-type=\"widget\" data-widget_type=\"text-editor.default\">\n\t\t\t\t\t\t\t\t\t<p>Krom\u011b tlumo\u010den\u00ed nab\u00edz\u00edm tak\u00e9 soudn\u00ed p\u0159eklady pro pou\u017eit\u00ed v pr\u00e1vn\u00edch a soudn\u00edch \u0159\u00edzen\u00edch. Tyto p\u0159eklady jsou opat\u0159eny prohl\u00e1\u0161en\u00edm, podpisem a raz\u00edtkem a lze je pou\u017e\u00edt u nizozemsk\u00fdch agentur a \u00fa\u0159ad\u016f.<\/p><p data-start=\"1735\" data-end=\"1761\"><strong>Pracovn\u00ed jazyky:<\/strong><\/p><ul data-start=\"1762\" data-end=\"1851\"><li data-start=\"1762\" data-end=\"1780\"><p data-start=\"1764\" data-end=\"1780\">\u010ce\u0161tina \u2194 Holand\u0161tina<\/p><\/li><li data-start=\"1781\" data-end=\"1797\"><p data-start=\"1783\" data-end=\"1797\">Ru\u0161tina \u2194 Holand\u0161tina<\/p><\/li><li data-start=\"1798\" data-end=\"1851\"><p data-start=\"1800\" data-end=\"1851\">Sloven\u0161tina \u2194 Holand\u0161tina\u00a0<\/p><\/li><\/ul><p>V pol\u0161tin\u011b nab\u00edz\u00edm v\u00fdhradn\u011b tlumo\u010dnick\u00e9 slu\u017eby, \u017e\u00e1dn\u00e9 soudn\u00ed p\u0159eklady.<\/p>\t\t\t\t\t\t\t\t<\/div>\n\t\t\t\t<div class=\"elementor-element elementor-element-72a7c71 elementor-widget elementor-widget-heading\" data-id=\"72a7c71\" data-element_type=\"widget\" data-e-type=\"widget\" data-widget_type=\"heading.default\">\n\t\t\t\t\t<h2 class=\"elementor-heading-title elementor-size-default\">D\u016fv\u011brnost a profesion\u00e1ln\u00ed pracovn\u00ed metody:<\/h2>\t\t\t\t<\/div>\n\t\t\t\t<div class=\"elementor-element elementor-element-2c5706c elementor-widget elementor-widget-text-editor\" data-id=\"2c5706c\" data-element_type=\"widget\" data-e-type=\"widget\" data-widget_type=\"text-editor.default\">\n\t\t\t\t\t\t\t\t\t<p>V r\u00e1mci soudn\u00edch \u0159\u00edzen\u00ed plat\u00ed vysok\u00e9 standardy neutrality a ml\u010denlivosti. Jako soudn\u00ed tlumo\u010dn\u00edk a p\u0159ekladatel pracuji v souladu s platn\u00fdmi z\u00e1kony a p\u0159edpisy, profesn\u00ed etikou a povinnost\u00ed ml\u010denlivosti.<\/p><p>Pokud je to mo\u017en\u00e9, p\u0159edem se dohodnu na povaze postupu a relevantn\u00ed terminologii, aby mohl b\u00fdt \u00fakol proveden profesion\u00e1ln\u011b a efektivn\u011b.<\/p>\t\t\t\t\t\t\t\t<\/div>\n\t\t\t\t<div class=\"elementor-element elementor-element-7f61258 elementor-widget elementor-widget-heading\" data-id=\"7f61258\" data-element_type=\"widget\" data-e-type=\"widget\" data-widget_type=\"heading.default\">\n\t\t\t\t\t<h2 class=\"elementor-heading-title elementor-size-default\">Vhodn\u00e9 mimo jin\u00e9 pro:<\/h2>\t\t\t\t<\/div>\n\t\t\t\t<div class=\"elementor-element elementor-element-5c01539 elementor-widget elementor-widget-text-editor\" data-id=\"5c01539\" data-element_type=\"widget\" data-e-type=\"widget\" data-widget_type=\"text-editor.default\">\n\t\t\t\t\t\t\t\t\t<p data-start=\"2640\" data-end=\"2701\">Moje slu\u017eby v oblasti soudnictv\u00ed a justice jsou vhodn\u00e9 pro:<\/p><ul data-start=\"2702\" data-end=\"2846\"><li data-start=\"2702\" data-end=\"2717\"><p data-start=\"2704\" data-end=\"2717\">Soudy<\/p><\/li><li data-start=\"2718\" data-end=\"2741\"><p data-start=\"2720\" data-end=\"2741\">St\u00e1tn\u00ed zastupitelstv\u00ed<\/p><\/li><li data-start=\"2742\" data-end=\"2775\"><p data-start=\"2744\" data-end=\"2775\">Policie a vy\u0161et\u0159ovac\u00ed slu\u017eby<\/p><\/li><li data-start=\"2776\" data-end=\"2822\"><p data-start=\"2778\" data-end=\"2822\">Pr\u00e1vn\u00edci a pr\u00e1vn\u00ed z\u00e1stupci<\/p><\/li><li data-start=\"2823\" data-end=\"2846\"><p data-start=\"2825\" data-end=\"2846\">Vl\u00e1dn\u00ed agentury<\/p><\/li><\/ul>\t\t\t\t\t\t\t\t<\/div>\n\t\t\t\t\t<\/div>\n\t\t<\/div>\n\t\t\t\t<div class=\"elementor-column elementor-col-50 elementor-top-column elementor-element elementor-element-60489ad2\" data-id=\"60489ad2\" data-element_type=\"column\" data-e-type=\"column\">\n\t\t\t<div class=\"elementor-widget-wrap elementor-element-populated\">\n\t\t\t\t\t\t<div class=\"elementor-element elementor-element-33871822 elementor-cta--skin-cover elementor-cta--valign-bottom elementor-bg-transform elementor-bg-transform-zoom-in elementor-invisible elementor-widget elementor-widget-call-to-action\" data-id=\"33871822\" data-element_type=\"widget\" data-e-type=\"widget\" data-settings=\"{&quot;_animation&quot;:&quot;fadeInUp&quot;}\" data-widget_type=\"call-to-action.default\">\n\t\t\t\t\t\t\t<div class=\"elementor-cta\">\n\t\t\t\t\t<div class=\"elementor-cta__bg-wrapper\">\n\t\t\t\t<div class=\"elementor-cta__bg elementor-bg\" style=\"background-image: url(https:\/\/www.ztranslate.eu\/wp-content\/uploads\/2025\/12\/note-book-with-fabric-bookmark-2024-11-27-09-37-06-utc-scaled.jpg);\" role=\"img\" aria-label=\"Z\u00e1pisn\u00edk s \u010dern\u00fdm obalem a l\u00e1tkovou z\u00e1lo\u017ekou.\"><\/div>\n\t\t\t\t<div class=\"elementor-cta__bg-overlay\"><\/div>\n\t\t\t<\/div>\n\t\t\t\t\t\t\t<div class=\"elementor-cta__content\">\n\t\t\t\t\n\t\t\t\t\t\t\t\t\t<h2 class=\"elementor-cta__title elementor-cta__content-item elementor-content-item\">\n\t\t\t\t\t\tKontakt a dostupnost\t\t\t\t\t<\/h2>\n\t\t\t\t\n\t\t\t\t\t\t\t\t\t<div class=\"elementor-cta__description elementor-cta__content-item elementor-content-item\">\n\t\t\t\t\t\tV p\u0159\u00edpad\u011b \u00fakol\u016f v r\u00e1mci odd\u011blen\u00ed soudnictv\u00ed a spravedlnosti n\u00e1s pros\u00edm kontaktujte a domluvte si dostupnost a podm\u00ednky. V\u010dasn\u00e1 koordinace p\u0159isp\u00edv\u00e1 k pe\u010dliv\u00e9 p\u0159\u00edprav\u011b a proveden\u00ed.\t\t\t\t\t<\/div>\n\t\t\t\t\n\t\t\t\t\t\t\t\t\t<div class=\"elementor-cta__button-wrapper elementor-cta__content-item elementor-content-item\">\n\t\t\t\t\t<a class=\"elementor-cta__button elementor-button elementor-size-xs\" href=\"https:\/\/www.ztranslate.eu\/cs\/kontakt\/\" target=\"_blank\" rel=\"noopener\">\n\t\t\t\t\t\tKontaktujte n\u00e1s\t\t\t\t\t<\/a>\n\t\t\t\t\t<\/div>\n\t\t\t\t\t\t\t<\/div>\n\t\t\t\t\t\t<\/div>\n\t\t\t\t\t\t<\/div>\n\t\t\t\t\t<\/div>\n\t\t<\/div>\n\t\t\t\t\t<\/div>\n\t\t<\/section>\n\t\t\t\t<\/div>","protected":false},"excerpt":{"rendered":"<p>Rechtbank &amp; Justitie Be\u00ebdigde taalondersteuning binnen juridische en justiti\u00eble procedures Als be\u00ebdigd tolk ben ik werkzaam binnen zowel civiele procedures als het strafrecht. Ik word onder andere ingezet bij zittingen, verhoren, juridische besprekingen en gesprekken met advocaten en justiti\u00eble instanties. Ik werk zowel consecutief als simultaan en verzorg een neutrale en correcte overdracht van de [&hellip;]<\/p>\n","protected":false},"author":1,"featured_media":0,"parent":0,"menu_order":0,"comment_status":"closed","ping_status":"closed","template":"","meta":{"footnotes":""},"class_list":["post-407","page","type-page","status-publish","hentry"],"_links":{"self":[{"href":"https:\/\/www.ztranslate.eu\/cs\/wp-json\/wp\/v2\/pages\/407","targetHints":{"allow":["GET"]}}],"collection":[{"href":"https:\/\/www.ztranslate.eu\/cs\/wp-json\/wp\/v2\/pages"}],"about":[{"href":"https:\/\/www.ztranslate.eu\/cs\/wp-json\/wp\/v2\/types\/page"}],"author":[{"embeddable":true,"href":"https:\/\/www.ztranslate.eu\/cs\/wp-json\/wp\/v2\/users\/1"}],"replies":[{"embeddable":true,"href":"https:\/\/www.ztranslate.eu\/cs\/wp-json\/wp\/v2\/comments?post=407"}],"version-history":[{"count":16,"href":"https:\/\/www.ztranslate.eu\/cs\/wp-json\/wp\/v2\/pages\/407\/revisions"}],"predecessor-version":[{"id":641,"href":"https:\/\/www.ztranslate.eu\/cs\/wp-json\/wp\/v2\/pages\/407\/revisions\/641"}],"wp:attachment":[{"href":"https:\/\/www.ztranslate.eu\/cs\/wp-json\/wp\/v2\/media?parent=407"}],"curies":[{"name":"wp","href":"https:\/\/api.w.org\/{rel}","templated":true}]}}